{"id":6619,"date":"2018-02-27T17:03:56","date_gmt":"2018-02-27T17:03:56","guid":{"rendered":"http:\/\/laplumedeloiseaulyre.com\/?page_id=6619"},"modified":"2018-02-27T17:03:56","modified_gmt":"2018-02-27T17:03:56","slug":"compagnon-blanc-silene-latifolia","status":"publish","type":"page","link":"http:\/\/laplumedeloiseaulyre.com\/?page_id=6619","title":{"rendered":"COMPAGNON BLANC Silene latifolia"},"content":{"rendered":"<p>Qu&rsquo;il vive \u00e0 jamais le Compagnon blanc<br \/>\nAmi de Sil\u00e8ne et des bacchanales,<br \/>\nFleur de sapience au teint chantant des champs<br \/>\nRev\u00eatu d\u2019\u00e9tamine de chorale.<\/p>\n","protected":false},"excerpt":{"rendered":"<p>Qu&rsquo;il vive \u00e0 jamais le Compagnon blanc Ami de Sil\u00e8ne et des bacchanales, Fleur de sapience au teint chantant des champs Rev\u00eatu d\u2019\u00e9tamine de chorale.<\/p>\n<p class=\"more-link-p\"><a class=\"more-link\" href=\"http:\/\/laplumedeloiseaulyre.com\/?page_id=6619\">Read more &rarr;<\/a><\/p>\n","protected":false},"author":1,"featured_media":0,"parent":0,"menu_order":0,"comment_status":"closed","ping_status":"closed","template":"","meta":{"spay_email":""},"jetpack_shortlink":"https:\/\/wp.me\/P4lzfC-1IL","_links":{"self":[{"href":"http:\/\/laplumedeloiseaulyre.com\/index.php?rest_route=\/wp\/v2\/pages\/6619"}],"collection":[{"href":"http:\/\/laplumedeloiseaulyre.com\/index.php?rest_route=\/wp\/v2\/pages"}],"about":[{"href":"http:\/\/laplumedeloiseaulyre.com\/index.php?rest_route=\/wp\/v2\/types\/page"}],"author":[{"embeddable":true,"href":"http:\/\/laplumedeloiseaulyre.com\/index.php?rest_route=\/wp\/v2\/users\/1"}],"replies":[{"embeddable":true,"href":"http:\/\/laplumedeloiseaulyre.com\/index.php?rest_route=%2Fwp%2Fv2%2Fcomments&post=6619"}],"version-history":[{"count":1,"href":"http:\/\/laplumedeloiseaulyre.com\/index.php?rest_route=\/wp\/v2\/pages\/6619\/revisions"}],"predecessor-version":[{"id":6620,"href":"http:\/\/laplumedeloiseaulyre.com\/index.php?rest_route=\/wp\/v2\/pages\/6619\/revisions\/6620"}],"wp:attachment":[{"href":"http:\/\/laplumedeloiseaulyre.com\/index.php?rest_route=%2Fwp%2Fv2%2Fmedia&parent=6619"}],"curies":[{"name":"wp","href":"https:\/\/api.w.org\/{rel}","templated":true}]}}