{"id":6609,"date":"2018-02-27T16:59:02","date_gmt":"2018-02-27T16:59:02","guid":{"rendered":"http:\/\/laplumedeloiseaulyre.com\/?page_id=6609"},"modified":"2021-06-27T11:40:33","modified_gmt":"2021-06-27T11:40:33","slug":"coeur-de-marie-dicentra-spectabilis","status":"publish","type":"page","link":"http:\/\/laplumedeloiseaulyre.com\/?page_id=6609","title":{"rendered":"C\u0152UR-DE-MARIE Lamprocapnos spectabilis"},"content":{"rendered":"<p>Ne comprenant gu\u00e8re ta valeur ni ton prix<br \/>\nJe d\u00e9pendais pourtant de ton mirable poids<br \/>\nC&rsquo;\u00e9tait pourtant toi ma spectaculaire croix,<br \/>\nL\u2019entreseing de mon salut, \u00f4 C\u0153ur-de-Marie !<\/p>\n","protected":false},"excerpt":{"rendered":"<p>Ne comprenant gu\u00e8re ta valeur ni ton prix Je d\u00e9pendais pourtant de ton mirable poids C&rsquo;\u00e9tait pourtant toi ma spectaculaire croix, L\u2019entreseing de mon salut, \u00f4 C\u0153ur-de-Marie !<\/p>\n<p class=\"more-link-p\"><a class=\"more-link\" href=\"http:\/\/laplumedeloiseaulyre.com\/?page_id=6609\">Read more &rarr;<\/a><\/p>\n","protected":false},"author":1,"featured_media":0,"parent":0,"menu_order":0,"comment_status":"closed","ping_status":"closed","template":"","meta":{"spay_email":""},"jetpack_shortlink":"https:\/\/wp.me\/P4lzfC-1IB","_links":{"self":[{"href":"http:\/\/laplumedeloiseaulyre.com\/index.php?rest_route=\/wp\/v2\/pages\/6609"}],"collection":[{"href":"http:\/\/laplumedeloiseaulyre.com\/index.php?rest_route=\/wp\/v2\/pages"}],"about":[{"href":"http:\/\/laplumedeloiseaulyre.com\/index.php?rest_route=\/wp\/v2\/types\/page"}],"author":[{"embeddable":true,"href":"http:\/\/laplumedeloiseaulyre.com\/index.php?rest_route=\/wp\/v2\/users\/1"}],"replies":[{"embeddable":true,"href":"http:\/\/laplumedeloiseaulyre.com\/index.php?rest_route=%2Fwp%2Fv2%2Fcomments&post=6609"}],"version-history":[{"count":3,"href":"http:\/\/laplumedeloiseaulyre.com\/index.php?rest_route=\/wp\/v2\/pages\/6609\/revisions"}],"predecessor-version":[{"id":12371,"href":"http:\/\/laplumedeloiseaulyre.com\/index.php?rest_route=\/wp\/v2\/pages\/6609\/revisions\/12371"}],"wp:attachment":[{"href":"http:\/\/laplumedeloiseaulyre.com\/index.php?rest_route=%2Fwp%2Fv2%2Fmedia&parent=6609"}],"curies":[{"name":"wp","href":"https:\/\/api.w.org\/{rel}","templated":true}]}}