{"id":6607,"date":"2018-02-27T16:57:35","date_gmt":"2018-02-27T16:57:35","guid":{"rendered":"http:\/\/laplumedeloiseaulyre.com\/?page_id=6607"},"modified":"2018-02-27T16:57:35","modified_gmt":"2018-02-27T16:57:35","slug":"cocotier-cocos-nucifera","status":"publish","type":"page","link":"http:\/\/laplumedeloiseaulyre.com\/?page_id=6607","title":{"rendered":"COCOTIER  Cocos nucifera"},"content":{"rendered":"<p>On voyait sur un vieux daguerr\u00e9otype,<br \/>\nEmpanach\u00e9 d\u2019un k\u00e9pi trop grand pour sa t\u00eate<br \/>\nLe g\u00e9n\u00e9ral Cocotier bombant son stipe,<br \/>\nArmant ses noix comme boulets de reconqu\u00eate.<\/p>\n","protected":false},"excerpt":{"rendered":"<p>On voyait sur un vieux daguerr\u00e9otype, Empanach\u00e9 d\u2019un k\u00e9pi trop grand pour sa t\u00eate Le g\u00e9n\u00e9ral Cocotier bombant son stipe, Armant ses noix comme boulets de reconqu\u00eate.<\/p>\n<p class=\"more-link-p\"><a class=\"more-link\" href=\"http:\/\/laplumedeloiseaulyre.com\/?page_id=6607\">Read more &rarr;<\/a><\/p>\n","protected":false},"author":1,"featured_media":0,"parent":0,"menu_order":0,"comment_status":"closed","ping_status":"closed","template":"","meta":{"spay_email":""},"jetpack_shortlink":"https:\/\/wp.me\/P4lzfC-1Iz","_links":{"self":[{"href":"http:\/\/laplumedeloiseaulyre.com\/index.php?rest_route=\/wp\/v2\/pages\/6607"}],"collection":[{"href":"http:\/\/laplumedeloiseaulyre.com\/index.php?rest_route=\/wp\/v2\/pages"}],"about":[{"href":"http:\/\/laplumedeloiseaulyre.com\/index.php?rest_route=\/wp\/v2\/types\/page"}],"author":[{"embeddable":true,"href":"http:\/\/laplumedeloiseaulyre.com\/index.php?rest_route=\/wp\/v2\/users\/1"}],"replies":[{"embeddable":true,"href":"http:\/\/laplumedeloiseaulyre.com\/index.php?rest_route=%2Fwp%2Fv2%2Fcomments&post=6607"}],"version-history":[{"count":1,"href":"http:\/\/laplumedeloiseaulyre.com\/index.php?rest_route=\/wp\/v2\/pages\/6607\/revisions"}],"predecessor-version":[{"id":6608,"href":"http:\/\/laplumedeloiseaulyre.com\/index.php?rest_route=\/wp\/v2\/pages\/6607\/revisions\/6608"}],"wp:attachment":[{"href":"http:\/\/laplumedeloiseaulyre.com\/index.php?rest_route=%2Fwp%2Fv2%2Fmedia&parent=6607"}],"curies":[{"name":"wp","href":"https:\/\/api.w.org\/{rel}","templated":true}]}}