{"id":6605,"date":"2018-02-27T16:56:04","date_gmt":"2018-02-27T16:56:04","guid":{"rendered":"http:\/\/laplumedeloiseaulyre.com\/?page_id=6605"},"modified":"2021-06-27T11:39:37","modified_gmt":"2021-06-27T11:39:37","slug":"coca-erythroxylum-coca-var-ipadu","status":"publish","type":"page","link":"http:\/\/laplumedeloiseaulyre.com\/?page_id=6605","title":{"rendered":"COCA Erythroxylum coca"},"content":{"rendered":"<p>Plante p\u00e2teuse m\u00e2ch\u00e9e vers l\u2019Amazonie,<br \/>\nPoudre blanch\u00e2tre, flash d\u00e9ment qui hallucine,<br \/>\nLa Coca se fit complice de la morphine,<br \/>\nPuis v\u00e9cut avec la Cola en syntonie.<\/p>\n","protected":false},"excerpt":{"rendered":"<p>Plante p\u00e2teuse m\u00e2ch\u00e9e vers l\u2019Amazonie, Poudre blanch\u00e2tre, flash d\u00e9ment qui hallucine, La Coca se fit complice de la morphine, Puis v\u00e9cut avec la Cola en syntonie.<\/p>\n<p class=\"more-link-p\"><a class=\"more-link\" href=\"http:\/\/laplumedeloiseaulyre.com\/?page_id=6605\">Read more &rarr;<\/a><\/p>\n","protected":false},"author":1,"featured_media":0,"parent":0,"menu_order":0,"comment_status":"closed","ping_status":"closed","template":"","meta":{"spay_email":""},"jetpack_shortlink":"https:\/\/wp.me\/P4lzfC-1Ix","_links":{"self":[{"href":"http:\/\/laplumedeloiseaulyre.com\/index.php?rest_route=\/wp\/v2\/pages\/6605"}],"collection":[{"href":"http:\/\/laplumedeloiseaulyre.com\/index.php?rest_route=\/wp\/v2\/pages"}],"about":[{"href":"http:\/\/laplumedeloiseaulyre.com\/index.php?rest_route=\/wp\/v2\/types\/page"}],"author":[{"embeddable":true,"href":"http:\/\/laplumedeloiseaulyre.com\/index.php?rest_route=\/wp\/v2\/users\/1"}],"replies":[{"embeddable":true,"href":"http:\/\/laplumedeloiseaulyre.com\/index.php?rest_route=%2Fwp%2Fv2%2Fcomments&post=6605"}],"version-history":[{"count":3,"href":"http:\/\/laplumedeloiseaulyre.com\/index.php?rest_route=\/wp\/v2\/pages\/6605\/revisions"}],"predecessor-version":[{"id":12422,"href":"http:\/\/laplumedeloiseaulyre.com\/index.php?rest_route=\/wp\/v2\/pages\/6605\/revisions\/12422"}],"wp:attachment":[{"href":"http:\/\/laplumedeloiseaulyre.com\/index.php?rest_route=%2Fwp%2Fv2%2Fmedia&parent=6605"}],"curies":[{"name":"wp","href":"https:\/\/api.w.org\/{rel}","templated":true}]}}