{"id":6602,"date":"2018-02-27T16:54:55","date_gmt":"2018-02-27T16:54:55","guid":{"rendered":"http:\/\/laplumedeloiseaulyre.com\/?page_id=6602"},"modified":"2018-02-27T16:54:55","modified_gmt":"2018-02-27T16:54:55","slug":"cobee-cobaea-scandens","status":"publish","type":"page","link":"http:\/\/laplumedeloiseaulyre.com\/?page_id=6602","title":{"rendered":"COB\u00c9E Cobaea scandens"},"content":{"rendered":"<p>La vie passante et lassant nos soupirs<br \/>\nA retenu la digue aux flots s\u00e9ch\u00e9s :<br \/>\nDis, qu&rsquo;avons-nous fait de nos pieux d\u00e9sirs,<br \/>\nQu&rsquo;avons-nous fait de nos br\u00e8ves Cob\u00e9es ?<\/p>\n","protected":false},"excerpt":{"rendered":"<p>La vie passante et lassant nos soupirs A retenu la digue aux flots s\u00e9ch\u00e9s : Dis, qu&rsquo;avons-nous fait de nos pieux d\u00e9sirs, Qu&rsquo;avons-nous fait de nos br\u00e8ves Cob\u00e9es ?<\/p>\n<p class=\"more-link-p\"><a class=\"more-link\" href=\"http:\/\/laplumedeloiseaulyre.com\/?page_id=6602\">Read more &rarr;<\/a><\/p>\n","protected":false},"author":1,"featured_media":0,"parent":0,"menu_order":0,"comment_status":"closed","ping_status":"closed","template":"","meta":{"spay_email":""},"jetpack_shortlink":"https:\/\/wp.me\/P4lzfC-1Iu","_links":{"self":[{"href":"http:\/\/laplumedeloiseaulyre.com\/index.php?rest_route=\/wp\/v2\/pages\/6602"}],"collection":[{"href":"http:\/\/laplumedeloiseaulyre.com\/index.php?rest_route=\/wp\/v2\/pages"}],"about":[{"href":"http:\/\/laplumedeloiseaulyre.com\/index.php?rest_route=\/wp\/v2\/types\/page"}],"author":[{"embeddable":true,"href":"http:\/\/laplumedeloiseaulyre.com\/index.php?rest_route=\/wp\/v2\/users\/1"}],"replies":[{"embeddable":true,"href":"http:\/\/laplumedeloiseaulyre.com\/index.php?rest_route=%2Fwp%2Fv2%2Fcomments&post=6602"}],"version-history":[{"count":1,"href":"http:\/\/laplumedeloiseaulyre.com\/index.php?rest_route=\/wp\/v2\/pages\/6602\/revisions"}],"predecessor-version":[{"id":6603,"href":"http:\/\/laplumedeloiseaulyre.com\/index.php?rest_route=\/wp\/v2\/pages\/6602\/revisions\/6603"}],"wp:attachment":[{"href":"http:\/\/laplumedeloiseaulyre.com\/index.php?rest_route=%2Fwp%2Fv2%2Fmedia&parent=6602"}],"curies":[{"name":"wp","href":"https:\/\/api.w.org\/{rel}","templated":true}]}}