{"id":6600,"date":"2018-02-27T16:53:56","date_gmt":"2018-02-27T16:53:56","guid":{"rendered":"http:\/\/laplumedeloiseaulyre.com\/?page_id=6600"},"modified":"2018-02-27T16:53:56","modified_gmt":"2018-02-27T16:53:56","slug":"clou-de-girofle-syzygium-aromaticum","status":"publish","type":"page","link":"http:\/\/laplumedeloiseaulyre.com\/?page_id=6600","title":{"rendered":"CLOU DE GIROFLE Syzygium aromaticum"},"content":{"rendered":"<p>Les as-tu respir\u00e9s ces parfums attendus,<br \/>\nCes odeurs ambr\u00e9es de sous-bois dans le piano ?<br \/>\nOn dirait que le Clou de Girofle \u00e9perdu<br \/>\nSe blessa au javelot noir d\u2019un adagio.<\/p>\n","protected":false},"excerpt":{"rendered":"<p>Les as-tu respir\u00e9s ces parfums attendus, Ces odeurs ambr\u00e9es de sous-bois dans le piano ? On dirait que le Clou de Girofle \u00e9perdu Se blessa au javelot noir d\u2019un adagio.<\/p>\n<p class=\"more-link-p\"><a class=\"more-link\" href=\"http:\/\/laplumedeloiseaulyre.com\/?page_id=6600\">Read more &rarr;<\/a><\/p>\n","protected":false},"author":1,"featured_media":0,"parent":0,"menu_order":0,"comment_status":"closed","ping_status":"closed","template":"","meta":{"spay_email":""},"jetpack_shortlink":"https:\/\/wp.me\/P4lzfC-1Is","_links":{"self":[{"href":"http:\/\/laplumedeloiseaulyre.com\/index.php?rest_route=\/wp\/v2\/pages\/6600"}],"collection":[{"href":"http:\/\/laplumedeloiseaulyre.com\/index.php?rest_route=\/wp\/v2\/pages"}],"about":[{"href":"http:\/\/laplumedeloiseaulyre.com\/index.php?rest_route=\/wp\/v2\/types\/page"}],"author":[{"embeddable":true,"href":"http:\/\/laplumedeloiseaulyre.com\/index.php?rest_route=\/wp\/v2\/users\/1"}],"replies":[{"embeddable":true,"href":"http:\/\/laplumedeloiseaulyre.com\/index.php?rest_route=%2Fwp%2Fv2%2Fcomments&post=6600"}],"version-history":[{"count":1,"href":"http:\/\/laplumedeloiseaulyre.com\/index.php?rest_route=\/wp\/v2\/pages\/6600\/revisions"}],"predecessor-version":[{"id":6601,"href":"http:\/\/laplumedeloiseaulyre.com\/index.php?rest_route=\/wp\/v2\/pages\/6600\/revisions\/6601"}],"wp:attachment":[{"href":"http:\/\/laplumedeloiseaulyre.com\/index.php?rest_route=%2Fwp%2Fv2%2Fmedia&parent=6600"}],"curies":[{"name":"wp","href":"https:\/\/api.w.org\/{rel}","templated":true}]}}