{"id":6598,"date":"2018-02-27T16:52:37","date_gmt":"2018-02-27T16:52:37","guid":{"rendered":"http:\/\/laplumedeloiseaulyre.com\/?page_id=6598"},"modified":"2022-02-16T22:23:04","modified_gmt":"2022-02-16T22:23:04","slug":"clerodendrons-clerodendrum-inerme","status":"publish","type":"page","link":"http:\/\/laplumedeloiseaulyre.com\/?page_id=6598","title":{"rendered":"CL\u00c9RODENDRON Clerodendron trichotomum"},"content":{"rendered":"<p>Je ne sais de quel amour vous aimer<br \/>\nVous qui avez fait flamboyer d&rsquo;ardeur<br \/>\nLes Cl\u00e9rodendrons sem\u00e9s dans mon c\u0153ur<br \/>\nQui germ\u00e8rent malgr\u00e9 ma volont\u00e9.<\/p>\n","protected":false},"excerpt":{"rendered":"<p>Je ne sais de quel amour vous aimer Vous qui avez fait flamboyer d&rsquo;ardeur Les Cl\u00e9rodendrons sem\u00e9s dans mon c\u0153ur Qui germ\u00e8rent malgr\u00e9 ma volont\u00e9.<\/p>\n<p class=\"more-link-p\"><a class=\"more-link\" href=\"http:\/\/laplumedeloiseaulyre.com\/?page_id=6598\">Read more &rarr;<\/a><\/p>\n","protected":false},"author":1,"featured_media":0,"parent":0,"menu_order":0,"comment_status":"closed","ping_status":"closed","template":"","meta":{"spay_email":""},"jetpack_shortlink":"https:\/\/wp.me\/P4lzfC-1Iq","_links":{"self":[{"href":"http:\/\/laplumedeloiseaulyre.com\/index.php?rest_route=\/wp\/v2\/pages\/6598"}],"collection":[{"href":"http:\/\/laplumedeloiseaulyre.com\/index.php?rest_route=\/wp\/v2\/pages"}],"about":[{"href":"http:\/\/laplumedeloiseaulyre.com\/index.php?rest_route=\/wp\/v2\/types\/page"}],"author":[{"embeddable":true,"href":"http:\/\/laplumedeloiseaulyre.com\/index.php?rest_route=\/wp\/v2\/users\/1"}],"replies":[{"embeddable":true,"href":"http:\/\/laplumedeloiseaulyre.com\/index.php?rest_route=%2Fwp%2Fv2%2Fcomments&post=6598"}],"version-history":[{"count":3,"href":"http:\/\/laplumedeloiseaulyre.com\/index.php?rest_route=\/wp\/v2\/pages\/6598\/revisions"}],"predecessor-version":[{"id":13614,"href":"http:\/\/laplumedeloiseaulyre.com\/index.php?rest_route=\/wp\/v2\/pages\/6598\/revisions\/13614"}],"wp:attachment":[{"href":"http:\/\/laplumedeloiseaulyre.com\/index.php?rest_route=%2Fwp%2Fv2%2Fmedia&parent=6598"}],"curies":[{"name":"wp","href":"https:\/\/api.w.org\/{rel}","templated":true}]}}