{"id":6594,"date":"2018-02-27T16:51:00","date_gmt":"2018-02-27T16:51:00","guid":{"rendered":"http:\/\/laplumedeloiseaulyre.com\/?page_id=6594"},"modified":"2021-06-27T11:32:54","modified_gmt":"2021-06-27T11:32:54","slug":"clementine-citrus-clementina","status":"publish","type":"page","link":"http:\/\/laplumedeloiseaulyre.com\/?page_id=6594","title":{"rendered":"CL\u00c9MENTINE Citrus x clementina"},"content":{"rendered":"<p>Cl\u00e9mente Cl\u00e9mentine partage ses rentes<br \/>\nEntre les orangers et les mandariniers,<br \/>\nD\u00e9voilant une manteline \u00e9tincelante<br \/>\nElle a deux m\u00e9ridiens sans p\u00e9pins pour quartiers.<\/p>\n","protected":false},"excerpt":{"rendered":"<p>Cl\u00e9mente Cl\u00e9mentine partage ses rentes Entre les orangers et les mandariniers, D\u00e9voilant une manteline \u00e9tincelante Elle a deux m\u00e9ridiens sans p\u00e9pins pour quartiers.<\/p>\n<p class=\"more-link-p\"><a class=\"more-link\" href=\"http:\/\/laplumedeloiseaulyre.com\/?page_id=6594\">Read more &rarr;<\/a><\/p>\n","protected":false},"author":1,"featured_media":0,"parent":0,"menu_order":0,"comment_status":"closed","ping_status":"closed","template":"","meta":{"spay_email":""},"jetpack_shortlink":"https:\/\/wp.me\/P4lzfC-1Im","_links":{"self":[{"href":"http:\/\/laplumedeloiseaulyre.com\/index.php?rest_route=\/wp\/v2\/pages\/6594"}],"collection":[{"href":"http:\/\/laplumedeloiseaulyre.com\/index.php?rest_route=\/wp\/v2\/pages"}],"about":[{"href":"http:\/\/laplumedeloiseaulyre.com\/index.php?rest_route=\/wp\/v2\/types\/page"}],"author":[{"embeddable":true,"href":"http:\/\/laplumedeloiseaulyre.com\/index.php?rest_route=\/wp\/v2\/users\/1"}],"replies":[{"embeddable":true,"href":"http:\/\/laplumedeloiseaulyre.com\/index.php?rest_route=%2Fwp%2Fv2%2Fcomments&post=6594"}],"version-history":[{"count":3,"href":"http:\/\/laplumedeloiseaulyre.com\/index.php?rest_route=\/wp\/v2\/pages\/6594\/revisions"}],"predecessor-version":[{"id":12366,"href":"http:\/\/laplumedeloiseaulyre.com\/index.php?rest_route=\/wp\/v2\/pages\/6594\/revisions\/12366"}],"wp:attachment":[{"href":"http:\/\/laplumedeloiseaulyre.com\/index.php?rest_route=%2Fwp%2Fv2%2Fmedia&parent=6594"}],"curies":[{"name":"wp","href":"https:\/\/api.w.org\/{rel}","templated":true}]}}