{"id":6586,"date":"2018-02-27T16:45:03","date_gmt":"2018-02-27T16:45:03","guid":{"rendered":"http:\/\/laplumedeloiseaulyre.com\/?page_id=6586"},"modified":"2018-02-27T16:45:03","modified_gmt":"2018-02-27T16:45:03","slug":"citrouille-cucurbita-pepo","status":"publish","type":"page","link":"http:\/\/laplumedeloiseaulyre.com\/?page_id=6586","title":{"rendered":"CITROUILLE  Cucurbita pepo"},"content":{"rendered":"<p>C\u00e9l\u00e8bre carrosse de Cendrillon,<br \/>\nLa Citrouille a quatre laquais poudr\u00e9s,<br \/>\nSix chevaux harnach\u00e9s par des grillons<br \/>\nEt trois roues dans la terre bien plant\u00e9es.<\/p>\n","protected":false},"excerpt":{"rendered":"<p>C\u00e9l\u00e8bre carrosse de Cendrillon, La Citrouille a quatre laquais poudr\u00e9s, Six chevaux harnach\u00e9s par des grillons Et trois roues dans la terre bien plant\u00e9es.<\/p>\n<p class=\"more-link-p\"><a class=\"more-link\" href=\"http:\/\/laplumedeloiseaulyre.com\/?page_id=6586\">Read more &rarr;<\/a><\/p>\n","protected":false},"author":1,"featured_media":0,"parent":0,"menu_order":0,"comment_status":"closed","ping_status":"closed","template":"","meta":{"spay_email":""},"jetpack_shortlink":"https:\/\/wp.me\/P4lzfC-1Ie","_links":{"self":[{"href":"http:\/\/laplumedeloiseaulyre.com\/index.php?rest_route=\/wp\/v2\/pages\/6586"}],"collection":[{"href":"http:\/\/laplumedeloiseaulyre.com\/index.php?rest_route=\/wp\/v2\/pages"}],"about":[{"href":"http:\/\/laplumedeloiseaulyre.com\/index.php?rest_route=\/wp\/v2\/types\/page"}],"author":[{"embeddable":true,"href":"http:\/\/laplumedeloiseaulyre.com\/index.php?rest_route=\/wp\/v2\/users\/1"}],"replies":[{"embeddable":true,"href":"http:\/\/laplumedeloiseaulyre.com\/index.php?rest_route=%2Fwp%2Fv2%2Fcomments&post=6586"}],"version-history":[{"count":1,"href":"http:\/\/laplumedeloiseaulyre.com\/index.php?rest_route=\/wp\/v2\/pages\/6586\/revisions"}],"predecessor-version":[{"id":6587,"href":"http:\/\/laplumedeloiseaulyre.com\/index.php?rest_route=\/wp\/v2\/pages\/6586\/revisions\/6587"}],"wp:attachment":[{"href":"http:\/\/laplumedeloiseaulyre.com\/index.php?rest_route=%2Fwp%2Fv2%2Fmedia&parent=6586"}],"curies":[{"name":"wp","href":"https:\/\/api.w.org\/{rel}","templated":true}]}}