{"id":6562,"date":"2018-02-26T21:37:18","date_gmt":"2018-02-26T21:37:18","guid":{"rendered":"http:\/\/laplumedeloiseaulyre.com\/?page_id=6562"},"modified":"2022-01-30T22:55:19","modified_gmt":"2022-01-30T22:55:19","slug":"chou-brassica-oleracea","status":"publish","type":"page","link":"http:\/\/laplumedeloiseaulyre.com\/?page_id=6562","title":{"rendered":"CHOU Brassica oleracea"},"content":{"rendered":"<p>Voil\u00e0 les propos qu\u2019il tenait avec ranc\u0153ur<br \/>\n\u00c0 l\u2019affam\u00e9e qui avait m\u00e9pris\u00e9 le Chou :<br \/>\n\u00ab Vous avez ri de votre pauvre serviteur,<br \/>\nEt c\u2019est lui qui maintenant se moque de vous ! \u00bb<\/p>\n","protected":false},"excerpt":{"rendered":"<p>Voil\u00e0 les propos qu\u2019il tenait avec ranc\u0153ur \u00c0 l\u2019affam\u00e9e qui avait m\u00e9pris\u00e9 le Chou : \u00ab Vous avez ri de votre pauvre serviteur, Et c\u2019est lui qui maintenant se moque de vous ! \u00bb<\/p>\n<p class=\"more-link-p\"><a class=\"more-link\" href=\"http:\/\/laplumedeloiseaulyre.com\/?page_id=6562\">Read more &rarr;<\/a><\/p>\n","protected":false},"author":1,"featured_media":0,"parent":0,"menu_order":0,"comment_status":"closed","ping_status":"closed","template":"","meta":{"spay_email":""},"jetpack_shortlink":"https:\/\/wp.me\/P4lzfC-1HQ","_links":{"self":[{"href":"http:\/\/laplumedeloiseaulyre.com\/index.php?rest_route=\/wp\/v2\/pages\/6562"}],"collection":[{"href":"http:\/\/laplumedeloiseaulyre.com\/index.php?rest_route=\/wp\/v2\/pages"}],"about":[{"href":"http:\/\/laplumedeloiseaulyre.com\/index.php?rest_route=\/wp\/v2\/types\/page"}],"author":[{"embeddable":true,"href":"http:\/\/laplumedeloiseaulyre.com\/index.php?rest_route=\/wp\/v2\/users\/1"}],"replies":[{"embeddable":true,"href":"http:\/\/laplumedeloiseaulyre.com\/index.php?rest_route=%2Fwp%2Fv2%2Fcomments&post=6562"}],"version-history":[{"count":3,"href":"http:\/\/laplumedeloiseaulyre.com\/index.php?rest_route=\/wp\/v2\/pages\/6562\/revisions"}],"predecessor-version":[{"id":13492,"href":"http:\/\/laplumedeloiseaulyre.com\/index.php?rest_route=\/wp\/v2\/pages\/6562\/revisions\/13492"}],"wp:attachment":[{"href":"http:\/\/laplumedeloiseaulyre.com\/index.php?rest_route=%2Fwp%2Fv2%2Fmedia&parent=6562"}],"curies":[{"name":"wp","href":"https:\/\/api.w.org\/{rel}","templated":true}]}}