{"id":6550,"date":"2018-02-26T21:27:11","date_gmt":"2018-02-26T21:27:11","guid":{"rendered":"http:\/\/laplumedeloiseaulyre.com\/?page_id=6550"},"modified":"2018-02-26T21:27:11","modified_gmt":"2018-02-26T21:27:11","slug":"chene-vert-quercus-ilex","status":"publish","type":"page","link":"http:\/\/laplumedeloiseaulyre.com\/?page_id=6550","title":{"rendered":"CH\u00caNE VERT Quercus ilex"},"content":{"rendered":"<p>Pourquoi t&rsquo;ai-je rencontr\u00e9 bel ami,<br \/>\nCh\u00eane vert que je n&rsquo;ose point nommer,<br \/>\nAh, dis-moi quelle est notre destin\u00e9e ?<br \/>\nDis-moi pourquoi tant d&rsquo;absences nous lient ?<\/p>\n","protected":false},"excerpt":{"rendered":"<p>Pourquoi t&rsquo;ai-je rencontr\u00e9 bel ami, Ch\u00eane vert que je n&rsquo;ose point nommer, Ah, dis-moi quelle est notre destin\u00e9e ? Dis-moi pourquoi tant d&rsquo;absences nous lient ?<\/p>\n<p class=\"more-link-p\"><a class=\"more-link\" href=\"http:\/\/laplumedeloiseaulyre.com\/?page_id=6550\">Read more &rarr;<\/a><\/p>\n","protected":false},"author":1,"featured_media":0,"parent":0,"menu_order":0,"comment_status":"closed","ping_status":"closed","template":"","meta":{"spay_email":""},"jetpack_shortlink":"https:\/\/wp.me\/P4lzfC-1HE","_links":{"self":[{"href":"http:\/\/laplumedeloiseaulyre.com\/index.php?rest_route=\/wp\/v2\/pages\/6550"}],"collection":[{"href":"http:\/\/laplumedeloiseaulyre.com\/index.php?rest_route=\/wp\/v2\/pages"}],"about":[{"href":"http:\/\/laplumedeloiseaulyre.com\/index.php?rest_route=\/wp\/v2\/types\/page"}],"author":[{"embeddable":true,"href":"http:\/\/laplumedeloiseaulyre.com\/index.php?rest_route=\/wp\/v2\/users\/1"}],"replies":[{"embeddable":true,"href":"http:\/\/laplumedeloiseaulyre.com\/index.php?rest_route=%2Fwp%2Fv2%2Fcomments&post=6550"}],"version-history":[{"count":1,"href":"http:\/\/laplumedeloiseaulyre.com\/index.php?rest_route=\/wp\/v2\/pages\/6550\/revisions"}],"predecessor-version":[{"id":6551,"href":"http:\/\/laplumedeloiseaulyre.com\/index.php?rest_route=\/wp\/v2\/pages\/6550\/revisions\/6551"}],"wp:attachment":[{"href":"http:\/\/laplumedeloiseaulyre.com\/index.php?rest_route=%2Fwp%2Fv2%2Fmedia&parent=6550"}],"curies":[{"name":"wp","href":"https:\/\/api.w.org\/{rel}","templated":true}]}}