{"id":6548,"date":"2018-02-26T21:26:11","date_gmt":"2018-02-26T21:26:11","guid":{"rendered":"http:\/\/laplumedeloiseaulyre.com\/?page_id=6548"},"modified":"2021-06-27T11:24:29","modified_gmt":"2021-06-27T11:24:29","slug":"chene-quercus-robur","status":"publish","type":"page","link":"http:\/\/laplumedeloiseaulyre.com\/?page_id=6548","title":{"rendered":"CH\u00caNE P\u00c9DONCUL\u00c9 Quercus robur"},"content":{"rendered":"<p>Tel Ch\u00eane se fortifie de vaillance<br \/>\nEn puisant sa force dans son attrait<br \/>\nAinsi c\u0153ur souffre mais de sa confiance<br \/>\nIl tire s\u00e8ve de patience et paix.<\/p>\n","protected":false},"excerpt":{"rendered":"<p>Tel Ch\u00eane se fortifie de vaillance En puisant sa force dans son attrait Ainsi c\u0153ur souffre mais de sa confiance Il tire s\u00e8ve de patience et paix.<\/p>\n<p class=\"more-link-p\"><a class=\"more-link\" href=\"http:\/\/laplumedeloiseaulyre.com\/?page_id=6548\">Read more &rarr;<\/a><\/p>\n","protected":false},"author":1,"featured_media":0,"parent":0,"menu_order":0,"comment_status":"closed","ping_status":"closed","template":"","meta":{"spay_email":""},"jetpack_shortlink":"https:\/\/wp.me\/P4lzfC-1HC","_links":{"self":[{"href":"http:\/\/laplumedeloiseaulyre.com\/index.php?rest_route=\/wp\/v2\/pages\/6548"}],"collection":[{"href":"http:\/\/laplumedeloiseaulyre.com\/index.php?rest_route=\/wp\/v2\/pages"}],"about":[{"href":"http:\/\/laplumedeloiseaulyre.com\/index.php?rest_route=\/wp\/v2\/types\/page"}],"author":[{"embeddable":true,"href":"http:\/\/laplumedeloiseaulyre.com\/index.php?rest_route=\/wp\/v2\/users\/1"}],"replies":[{"embeddable":true,"href":"http:\/\/laplumedeloiseaulyre.com\/index.php?rest_route=%2Fwp%2Fv2%2Fcomments&post=6548"}],"version-history":[{"count":2,"href":"http:\/\/laplumedeloiseaulyre.com\/index.php?rest_route=\/wp\/v2\/pages\/6548\/revisions"}],"predecessor-version":[{"id":12357,"href":"http:\/\/laplumedeloiseaulyre.com\/index.php?rest_route=\/wp\/v2\/pages\/6548\/revisions\/12357"}],"wp:attachment":[{"href":"http:\/\/laplumedeloiseaulyre.com\/index.php?rest_route=%2Fwp%2Fv2%2Fmedia&parent=6548"}],"curies":[{"name":"wp","href":"https:\/\/api.w.org\/{rel}","templated":true}]}}