{"id":6545,"date":"2018-02-26T21:24:35","date_gmt":"2018-02-26T21:24:35","guid":{"rendered":"http:\/\/laplumedeloiseaulyre.com\/?page_id=6545"},"modified":"2018-02-26T21:24:35","modified_gmt":"2018-02-26T21:24:35","slug":"chelone-chelone-obliqua","status":"publish","type":"page","link":"http:\/\/laplumedeloiseaulyre.com\/?page_id=6545","title":{"rendered":"CH\u00c9LONE Chelone obliqua"},"content":{"rendered":"<p>Au festin de Zeus une or\u00e9ade est absente :<br \/>\nC\u2019est Ch\u00e9lone l\u2019arcadienne si m\u00e9prisante !<br \/>\nElle sera bient\u00f4t transform\u00e9e en tortue<br \/>\nCondamn\u00e9e b\u00eate pour avoir \u00e9t\u00e9 t\u00eatue.<\/p>\n","protected":false},"excerpt":{"rendered":"<p>Au festin de Zeus une or\u00e9ade est absente : C\u2019est Ch\u00e9lone l\u2019arcadienne si m\u00e9prisante ! Elle sera bient\u00f4t transform\u00e9e en tortue Condamn\u00e9e b\u00eate pour avoir \u00e9t\u00e9 t\u00eatue.<\/p>\n<p class=\"more-link-p\"><a class=\"more-link\" href=\"http:\/\/laplumedeloiseaulyre.com\/?page_id=6545\">Read more &rarr;<\/a><\/p>\n","protected":false},"author":1,"featured_media":0,"parent":0,"menu_order":0,"comment_status":"closed","ping_status":"closed","template":"","meta":{"spay_email":""},"jetpack_shortlink":"https:\/\/wp.me\/P4lzfC-1Hz","_links":{"self":[{"href":"http:\/\/laplumedeloiseaulyre.com\/index.php?rest_route=\/wp\/v2\/pages\/6545"}],"collection":[{"href":"http:\/\/laplumedeloiseaulyre.com\/index.php?rest_route=\/wp\/v2\/pages"}],"about":[{"href":"http:\/\/laplumedeloiseaulyre.com\/index.php?rest_route=\/wp\/v2\/types\/page"}],"author":[{"embeddable":true,"href":"http:\/\/laplumedeloiseaulyre.com\/index.php?rest_route=\/wp\/v2\/users\/1"}],"replies":[{"embeddable":true,"href":"http:\/\/laplumedeloiseaulyre.com\/index.php?rest_route=%2Fwp%2Fv2%2Fcomments&post=6545"}],"version-history":[{"count":1,"href":"http:\/\/laplumedeloiseaulyre.com\/index.php?rest_route=\/wp\/v2\/pages\/6545\/revisions"}],"predecessor-version":[{"id":6546,"href":"http:\/\/laplumedeloiseaulyre.com\/index.php?rest_route=\/wp\/v2\/pages\/6545\/revisions\/6546"}],"wp:attachment":[{"href":"http:\/\/laplumedeloiseaulyre.com\/index.php?rest_route=%2Fwp%2Fv2%2Fmedia&parent=6545"}],"curies":[{"name":"wp","href":"https:\/\/api.w.org\/{rel}","templated":true}]}}