{"id":6523,"date":"2018-02-26T21:10:35","date_gmt":"2018-02-26T21:10:35","guid":{"rendered":"http:\/\/laplumedeloiseaulyre.com\/?page_id=6523"},"modified":"2022-02-25T00:26:45","modified_gmt":"2022-02-25T00:26:45","slug":"ceraiste-cerastium-arvense","status":"publish","type":"page","link":"http:\/\/laplumedeloiseaulyre.com\/?page_id=6523","title":{"rendered":"C\u00c9RAISTE  Cerastium arvense"},"content":{"rendered":"<p>C\u2019est une merveille que la corde vibrante<br \/>\nTendue par C\u00e9r\u00e8s dans les lobes de C\u00e9raiste,<br \/>\nC\u2019est myst\u00e8re que l\u2019accord bris\u00e9 de sa mante<br \/>\nComme l\u2019ouvrage fin d\u2019un tissutier c\u00e9leste.<\/p>\n","protected":false},"excerpt":{"rendered":"<p>C\u2019est une merveille que la corde vibrante Tendue par C\u00e9r\u00e8s dans les lobes de C\u00e9raiste, C\u2019est myst\u00e8re que l\u2019accord bris\u00e9 de sa mante Comme l\u2019ouvrage fin d\u2019un tissutier c\u00e9leste.<\/p>\n<p class=\"more-link-p\"><a class=\"more-link\" href=\"http:\/\/laplumedeloiseaulyre.com\/?page_id=6523\">Read more &rarr;<\/a><\/p>\n","protected":false},"author":1,"featured_media":0,"parent":0,"menu_order":0,"comment_status":"closed","ping_status":"closed","template":"","meta":{"spay_email":""},"jetpack_shortlink":"https:\/\/wp.me\/P4lzfC-1Hd","_links":{"self":[{"href":"http:\/\/laplumedeloiseaulyre.com\/index.php?rest_route=\/wp\/v2\/pages\/6523"}],"collection":[{"href":"http:\/\/laplumedeloiseaulyre.com\/index.php?rest_route=\/wp\/v2\/pages"}],"about":[{"href":"http:\/\/laplumedeloiseaulyre.com\/index.php?rest_route=\/wp\/v2\/types\/page"}],"author":[{"embeddable":true,"href":"http:\/\/laplumedeloiseaulyre.com\/index.php?rest_route=\/wp\/v2\/users\/1"}],"replies":[{"embeddable":true,"href":"http:\/\/laplumedeloiseaulyre.com\/index.php?rest_route=%2Fwp%2Fv2%2Fcomments&post=6523"}],"version-history":[{"count":3,"href":"http:\/\/laplumedeloiseaulyre.com\/index.php?rest_route=\/wp\/v2\/pages\/6523\/revisions"}],"predecessor-version":[{"id":13659,"href":"http:\/\/laplumedeloiseaulyre.com\/index.php?rest_route=\/wp\/v2\/pages\/6523\/revisions\/13659"}],"wp:attachment":[{"href":"http:\/\/laplumedeloiseaulyre.com\/index.php?rest_route=%2Fwp%2Fv2%2Fmedia&parent=6523"}],"curies":[{"name":"wp","href":"https:\/\/api.w.org\/{rel}","templated":true}]}}