{"id":6521,"date":"2018-02-26T21:09:23","date_gmt":"2018-02-26T21:09:23","guid":{"rendered":"http:\/\/laplumedeloiseaulyre.com\/?page_id=6521"},"modified":"2021-06-27T11:20:45","modified_gmt":"2021-06-27T11:20:45","slug":"centauree-centaurea-montana","status":"publish","type":"page","link":"http:\/\/laplumedeloiseaulyre.com\/?page_id=6521","title":{"rendered":"CENTAUR\u00c9E DES MONTAGNES Cyanus montanus"},"content":{"rendered":"<p>Tout de votre continent me plaisait,<br \/>\nTout de votre oc\u00e9an m\u2019a sid\u00e9r\u00e9e,<br \/>\nOh, si seulement vous saviez ce fait :<br \/>\nCentaur\u00e9e, comme je vous ai aim\u00e9e !<\/p>\n","protected":false},"excerpt":{"rendered":"<p>Tout de votre continent me plaisait, Tout de votre oc\u00e9an m\u2019a sid\u00e9r\u00e9e, Oh, si seulement vous saviez ce fait : Centaur\u00e9e, comme je vous ai aim\u00e9e !<\/p>\n<p class=\"more-link-p\"><a class=\"more-link\" href=\"http:\/\/laplumedeloiseaulyre.com\/?page_id=6521\">Read more &rarr;<\/a><\/p>\n","protected":false},"author":1,"featured_media":0,"parent":0,"menu_order":0,"comment_status":"closed","ping_status":"closed","template":"","meta":{"spay_email":""},"jetpack_shortlink":"https:\/\/wp.me\/P4lzfC-1Hb","_links":{"self":[{"href":"http:\/\/laplumedeloiseaulyre.com\/index.php?rest_route=\/wp\/v2\/pages\/6521"}],"collection":[{"href":"http:\/\/laplumedeloiseaulyre.com\/index.php?rest_route=\/wp\/v2\/pages"}],"about":[{"href":"http:\/\/laplumedeloiseaulyre.com\/index.php?rest_route=\/wp\/v2\/types\/page"}],"author":[{"embeddable":true,"href":"http:\/\/laplumedeloiseaulyre.com\/index.php?rest_route=\/wp\/v2\/users\/1"}],"replies":[{"embeddable":true,"href":"http:\/\/laplumedeloiseaulyre.com\/index.php?rest_route=%2Fwp%2Fv2%2Fcomments&post=6521"}],"version-history":[{"count":4,"href":"http:\/\/laplumedeloiseaulyre.com\/index.php?rest_route=\/wp\/v2\/pages\/6521\/revisions"}],"predecessor-version":[{"id":12355,"href":"http:\/\/laplumedeloiseaulyre.com\/index.php?rest_route=\/wp\/v2\/pages\/6521\/revisions\/12355"}],"wp:attachment":[{"href":"http:\/\/laplumedeloiseaulyre.com\/index.php?rest_route=%2Fwp%2Fv2%2Fmedia&parent=6521"}],"curies":[{"name":"wp","href":"https:\/\/api.w.org\/{rel}","templated":true}]}}