{"id":6519,"date":"2018-02-26T21:07:49","date_gmt":"2018-02-26T21:07:49","guid":{"rendered":"http:\/\/laplumedeloiseaulyre.com\/?page_id=6519"},"modified":"2018-02-26T21:07:49","modified_gmt":"2018-02-26T21:07:49","slug":"celosie-celosia-cristata","status":"publish","type":"page","link":"http:\/\/laplumedeloiseaulyre.com\/?page_id=6519","title":{"rendered":"C\u00c9LOSIE  Celosia cristata"},"content":{"rendered":"<p>Point de synesth\u00e9sie pour Baby C\u00e9losie\u00a0!<br \/>\nC\u2019est une poup\u00e9e aux coiffures synth\u00e9tiques,<br \/>\nUn poupon de cellulose neurasth\u00e9nique<br \/>\nMalheureuse plantule sous anesth\u00e9sie.<\/p>\n","protected":false},"excerpt":{"rendered":"<p>Point de synesth\u00e9sie pour Baby C\u00e9losie\u00a0! C\u2019est une poup\u00e9e aux coiffures synth\u00e9tiques, Un poupon de cellulose neurasth\u00e9nique Malheureuse plantule sous anesth\u00e9sie.<\/p>\n<p class=\"more-link-p\"><a class=\"more-link\" href=\"http:\/\/laplumedeloiseaulyre.com\/?page_id=6519\">Read more &rarr;<\/a><\/p>\n","protected":false},"author":1,"featured_media":0,"parent":0,"menu_order":0,"comment_status":"closed","ping_status":"closed","template":"","meta":{"spay_email":""},"jetpack_shortlink":"https:\/\/wp.me\/P4lzfC-1H9","_links":{"self":[{"href":"http:\/\/laplumedeloiseaulyre.com\/index.php?rest_route=\/wp\/v2\/pages\/6519"}],"collection":[{"href":"http:\/\/laplumedeloiseaulyre.com\/index.php?rest_route=\/wp\/v2\/pages"}],"about":[{"href":"http:\/\/laplumedeloiseaulyre.com\/index.php?rest_route=\/wp\/v2\/types\/page"}],"author":[{"embeddable":true,"href":"http:\/\/laplumedeloiseaulyre.com\/index.php?rest_route=\/wp\/v2\/users\/1"}],"replies":[{"embeddable":true,"href":"http:\/\/laplumedeloiseaulyre.com\/index.php?rest_route=%2Fwp%2Fv2%2Fcomments&post=6519"}],"version-history":[{"count":1,"href":"http:\/\/laplumedeloiseaulyre.com\/index.php?rest_route=\/wp\/v2\/pages\/6519\/revisions"}],"predecessor-version":[{"id":6520,"href":"http:\/\/laplumedeloiseaulyre.com\/index.php?rest_route=\/wp\/v2\/pages\/6519\/revisions\/6520"}],"wp:attachment":[{"href":"http:\/\/laplumedeloiseaulyre.com\/index.php?rest_route=%2Fwp%2Fv2%2Fmedia&parent=6519"}],"curies":[{"name":"wp","href":"https:\/\/api.w.org\/{rel}","templated":true}]}}