{"id":6516,"date":"2018-02-26T21:05:52","date_gmt":"2018-02-26T21:05:52","guid":{"rendered":"http:\/\/laplumedeloiseaulyre.com\/?page_id=6516"},"modified":"2021-06-27T11:19:17","modified_gmt":"2021-06-27T11:19:17","slug":"celeri-apium-graveolens-var-rapaceum","status":"publish","type":"page","link":"http:\/\/laplumedeloiseaulyre.com\/?page_id=6516","title":{"rendered":"C\u00c9LERI RAVE Apium graveolens var. rapaceum"},"content":{"rendered":"\n<p><\/p>\n\n\n<p>Quand les Dioscures ont faim de salade<br>\nLe C\u00e9leri sous la r\u00e2pe de S\u00e9l\u00e9n\u00e9<br>\nFrisote et rit de ses chatouilles argent\u00e9es,<br>\nPlante de lune, rave de r\u00e9moulade.<\/p>","protected":false},"excerpt":{"rendered":"<p>Quand les Dioscures ont faim de salade Le C\u00e9leri sous la r\u00e2pe de S\u00e9l\u00e9n\u00e9 Frisote et rit de ses chatouilles argent\u00e9es, Plante de lune, rave de r\u00e9moulade.<\/p>\n<p class=\"more-link-p\"><a class=\"more-link\" href=\"http:\/\/laplumedeloiseaulyre.com\/?page_id=6516\">Read more &rarr;<\/a><\/p>\n","protected":false},"author":1,"featured_media":0,"parent":0,"menu_order":0,"comment_status":"closed","ping_status":"closed","template":"","meta":{"spay_email":""},"jetpack_shortlink":"https:\/\/wp.me\/P4lzfC-1H6","_links":{"self":[{"href":"http:\/\/laplumedeloiseaulyre.com\/index.php?rest_route=\/wp\/v2\/pages\/6516"}],"collection":[{"href":"http:\/\/laplumedeloiseaulyre.com\/index.php?rest_route=\/wp\/v2\/pages"}],"about":[{"href":"http:\/\/laplumedeloiseaulyre.com\/index.php?rest_route=\/wp\/v2\/types\/page"}],"author":[{"embeddable":true,"href":"http:\/\/laplumedeloiseaulyre.com\/index.php?rest_route=\/wp\/v2\/users\/1"}],"replies":[{"embeddable":true,"href":"http:\/\/laplumedeloiseaulyre.com\/index.php?rest_route=%2Fwp%2Fv2%2Fcomments&post=6516"}],"version-history":[{"count":2,"href":"http:\/\/laplumedeloiseaulyre.com\/index.php?rest_route=\/wp\/v2\/pages\/6516\/revisions"}],"predecessor-version":[{"id":12353,"href":"http:\/\/laplumedeloiseaulyre.com\/index.php?rest_route=\/wp\/v2\/pages\/6516\/revisions\/12353"}],"wp:attachment":[{"href":"http:\/\/laplumedeloiseaulyre.com\/index.php?rest_route=%2Fwp%2Fv2%2Fmedia&parent=6516"}],"curies":[{"name":"wp","href":"https:\/\/api.w.org\/{rel}","templated":true}]}}