{"id":6510,"date":"2018-02-26T20:52:07","date_gmt":"2018-02-26T20:52:07","guid":{"rendered":"http:\/\/laplumedeloiseaulyre.com\/?page_id=6510"},"modified":"2018-02-26T20:52:07","modified_gmt":"2018-02-26T20:52:07","slug":"cedre-cedrus-libani","status":"publish","type":"page","link":"http:\/\/laplumedeloiseaulyre.com\/?page_id=6510","title":{"rendered":"C\u00c8DRE  Cedrus libani"},"content":{"rendered":"<p>Un soir je vis l\u2019Orient brusquement enflamm\u00e9<br \/>\nPar des torches que n\u2019\u00e9teignaient pas la neige,<br \/>\nL\u00e0-bas \u00e0 Qadisha, vers la sainte vall\u00e9e<br \/>\nLes C\u00e8dres br\u00fblaient comme d\u2019immenses cierges.<\/p>\n","protected":false},"excerpt":{"rendered":"<p>Un soir je vis l\u2019Orient brusquement enflamm\u00e9 Par des torches que n\u2019\u00e9teignaient pas la neige, L\u00e0-bas \u00e0 Qadisha, vers la sainte vall\u00e9e Les C\u00e8dres br\u00fblaient comme d\u2019immenses cierges.<\/p>\n<p class=\"more-link-p\"><a class=\"more-link\" href=\"http:\/\/laplumedeloiseaulyre.com\/?page_id=6510\">Read more &rarr;<\/a><\/p>\n","protected":false},"author":1,"featured_media":0,"parent":0,"menu_order":0,"comment_status":"closed","ping_status":"closed","template":"","meta":{"spay_email":""},"jetpack_shortlink":"https:\/\/wp.me\/P4lzfC-1H0","_links":{"self":[{"href":"http:\/\/laplumedeloiseaulyre.com\/index.php?rest_route=\/wp\/v2\/pages\/6510"}],"collection":[{"href":"http:\/\/laplumedeloiseaulyre.com\/index.php?rest_route=\/wp\/v2\/pages"}],"about":[{"href":"http:\/\/laplumedeloiseaulyre.com\/index.php?rest_route=\/wp\/v2\/types\/page"}],"author":[{"embeddable":true,"href":"http:\/\/laplumedeloiseaulyre.com\/index.php?rest_route=\/wp\/v2\/users\/1"}],"replies":[{"embeddable":true,"href":"http:\/\/laplumedeloiseaulyre.com\/index.php?rest_route=%2Fwp%2Fv2%2Fcomments&post=6510"}],"version-history":[{"count":1,"href":"http:\/\/laplumedeloiseaulyre.com\/index.php?rest_route=\/wp\/v2\/pages\/6510\/revisions"}],"predecessor-version":[{"id":6511,"href":"http:\/\/laplumedeloiseaulyre.com\/index.php?rest_route=\/wp\/v2\/pages\/6510\/revisions\/6511"}],"wp:attachment":[{"href":"http:\/\/laplumedeloiseaulyre.com\/index.php?rest_route=%2Fwp%2Fv2%2Fmedia&parent=6510"}],"curies":[{"name":"wp","href":"https:\/\/api.w.org\/{rel}","templated":true}]}}