{"id":6505,"date":"2018-02-26T20:46:32","date_gmt":"2018-02-26T20:46:32","guid":{"rendered":"http:\/\/laplumedeloiseaulyre.com\/?page_id=6505"},"modified":"2018-02-26T20:46:32","modified_gmt":"2018-02-26T20:46:32","slug":"catalpa-catalpa-bignonioides","status":"publish","type":"page","link":"http:\/\/laplumedeloiseaulyre.com\/?page_id=6505","title":{"rendered":"CATALPA Catalpa bignonioides"},"content":{"rendered":"<p>Le Catalpa avait quitt\u00e9 la p\u00e9pini\u00e8re,<br \/>\nIvre de grands espaces et de nefs de paix,<br \/>\nLas d&rsquo;orgueil, secouant sous ses pieds la poussi\u00e8re,<br \/>\n\u00c0 l&rsquo;aube ou au cr\u00e9puscule, qui le savait ?<\/p>\n","protected":false},"excerpt":{"rendered":"<p>Le Catalpa avait quitt\u00e9 la p\u00e9pini\u00e8re, Ivre de grands espaces et de nefs de paix, Las d&rsquo;orgueil, secouant sous ses pieds la poussi\u00e8re, \u00c0 l&rsquo;aube ou au cr\u00e9puscule, qui le savait ?<\/p>\n<p class=\"more-link-p\"><a class=\"more-link\" href=\"http:\/\/laplumedeloiseaulyre.com\/?page_id=6505\">Read more &rarr;<\/a><\/p>\n","protected":false},"author":1,"featured_media":0,"parent":0,"menu_order":0,"comment_status":"closed","ping_status":"closed","template":"","meta":{"spay_email":""},"jetpack_shortlink":"https:\/\/wp.me\/P4lzfC-1GV","_links":{"self":[{"href":"http:\/\/laplumedeloiseaulyre.com\/index.php?rest_route=\/wp\/v2\/pages\/6505"}],"collection":[{"href":"http:\/\/laplumedeloiseaulyre.com\/index.php?rest_route=\/wp\/v2\/pages"}],"about":[{"href":"http:\/\/laplumedeloiseaulyre.com\/index.php?rest_route=\/wp\/v2\/types\/page"}],"author":[{"embeddable":true,"href":"http:\/\/laplumedeloiseaulyre.com\/index.php?rest_route=\/wp\/v2\/users\/1"}],"replies":[{"embeddable":true,"href":"http:\/\/laplumedeloiseaulyre.com\/index.php?rest_route=%2Fwp%2Fv2%2Fcomments&post=6505"}],"version-history":[{"count":1,"href":"http:\/\/laplumedeloiseaulyre.com\/index.php?rest_route=\/wp\/v2\/pages\/6505\/revisions"}],"predecessor-version":[{"id":6506,"href":"http:\/\/laplumedeloiseaulyre.com\/index.php?rest_route=\/wp\/v2\/pages\/6505\/revisions\/6506"}],"wp:attachment":[{"href":"http:\/\/laplumedeloiseaulyre.com\/index.php?rest_route=%2Fwp%2Fv2%2Fmedia&parent=6505"}],"curies":[{"name":"wp","href":"https:\/\/api.w.org\/{rel}","templated":true}]}}