{"id":6499,"date":"2018-02-26T20:43:12","date_gmt":"2018-02-26T20:43:12","guid":{"rendered":"http:\/\/laplumedeloiseaulyre.com\/?page_id=6499"},"modified":"2021-06-27T11:14:34","modified_gmt":"2021-06-27T11:14:34","slug":"carotte-daucus-carota","status":"publish","type":"page","link":"http:\/\/laplumedeloiseaulyre.com\/?page_id=6499","title":{"rendered":"CAROTTE Daucus carota subsp. sativus"},"content":{"rendered":"<p>Dans le potager twittent les Carottes,<br \/>\nOndulant leurs perruques d&rsquo;apiac\u00e9es.<br \/>\nElles s&rsquo;ensablent, durable marotte,<br \/>\nEn rang\u00e9es d&rsquo;ob\u00e9diences orang\u00e9es.<\/p>\n","protected":false},"excerpt":{"rendered":"<p>Dans le potager twittent les Carottes, Ondulant leurs perruques d&rsquo;apiac\u00e9es. Elles s&rsquo;ensablent, durable marotte, En rang\u00e9es d&rsquo;ob\u00e9diences orang\u00e9es.<\/p>\n<p class=\"more-link-p\"><a class=\"more-link\" href=\"http:\/\/laplumedeloiseaulyre.com\/?page_id=6499\">Read more &rarr;<\/a><\/p>\n","protected":false},"author":1,"featured_media":0,"parent":0,"menu_order":0,"comment_status":"closed","ping_status":"closed","template":"","meta":{"spay_email":""},"jetpack_shortlink":"https:\/\/wp.me\/P4lzfC-1GP","_links":{"self":[{"href":"http:\/\/laplumedeloiseaulyre.com\/index.php?rest_route=\/wp\/v2\/pages\/6499"}],"collection":[{"href":"http:\/\/laplumedeloiseaulyre.com\/index.php?rest_route=\/wp\/v2\/pages"}],"about":[{"href":"http:\/\/laplumedeloiseaulyre.com\/index.php?rest_route=\/wp\/v2\/types\/page"}],"author":[{"embeddable":true,"href":"http:\/\/laplumedeloiseaulyre.com\/index.php?rest_route=\/wp\/v2\/users\/1"}],"replies":[{"embeddable":true,"href":"http:\/\/laplumedeloiseaulyre.com\/index.php?rest_route=%2Fwp%2Fv2%2Fcomments&post=6499"}],"version-history":[{"count":3,"href":"http:\/\/laplumedeloiseaulyre.com\/index.php?rest_route=\/wp\/v2\/pages\/6499\/revisions"}],"predecessor-version":[{"id":12349,"href":"http:\/\/laplumedeloiseaulyre.com\/index.php?rest_route=\/wp\/v2\/pages\/6499\/revisions\/12349"}],"wp:attachment":[{"href":"http:\/\/laplumedeloiseaulyre.com\/index.php?rest_route=%2Fwp%2Fv2%2Fmedia&parent=6499"}],"curies":[{"name":"wp","href":"https:\/\/api.w.org\/{rel}","templated":true}]}}