{"id":6497,"date":"2018-02-26T20:42:20","date_gmt":"2018-02-26T20:42:20","guid":{"rendered":"http:\/\/laplumedeloiseaulyre.com\/?page_id=6497"},"modified":"2018-02-26T20:42:20","modified_gmt":"2018-02-26T20:42:20","slug":"cardere-dipsacus-fullonum","status":"publish","type":"page","link":"http:\/\/laplumedeloiseaulyre.com\/?page_id=6497","title":{"rendered":"CARD\u00c8RE  Dipsacus fullonum"},"content":{"rendered":"<p>Je buvais \u00e0 la sant\u00e9 de Bacchus<br \/>\nDans l\u2019\u00e9cuelle d\u2019argent des moineaux,<br \/>\nIl n\u2019y avait que la Card\u00e8re en eau<br \/>\nPour \u00e9tancher mes deux soifs de Janus.<\/p>\n","protected":false},"excerpt":{"rendered":"<p>Je buvais \u00e0 la sant\u00e9 de Bacchus Dans l\u2019\u00e9cuelle d\u2019argent des moineaux, Il n\u2019y avait que la Card\u00e8re en eau Pour \u00e9tancher mes deux soifs de Janus.<\/p>\n<p class=\"more-link-p\"><a class=\"more-link\" href=\"http:\/\/laplumedeloiseaulyre.com\/?page_id=6497\">Read more &rarr;<\/a><\/p>\n","protected":false},"author":1,"featured_media":0,"parent":0,"menu_order":0,"comment_status":"closed","ping_status":"closed","template":"","meta":{"spay_email":""},"jetpack_shortlink":"https:\/\/wp.me\/P4lzfC-1GN","_links":{"self":[{"href":"http:\/\/laplumedeloiseaulyre.com\/index.php?rest_route=\/wp\/v2\/pages\/6497"}],"collection":[{"href":"http:\/\/laplumedeloiseaulyre.com\/index.php?rest_route=\/wp\/v2\/pages"}],"about":[{"href":"http:\/\/laplumedeloiseaulyre.com\/index.php?rest_route=\/wp\/v2\/types\/page"}],"author":[{"embeddable":true,"href":"http:\/\/laplumedeloiseaulyre.com\/index.php?rest_route=\/wp\/v2\/users\/1"}],"replies":[{"embeddable":true,"href":"http:\/\/laplumedeloiseaulyre.com\/index.php?rest_route=%2Fwp%2Fv2%2Fcomments&post=6497"}],"version-history":[{"count":1,"href":"http:\/\/laplumedeloiseaulyre.com\/index.php?rest_route=\/wp\/v2\/pages\/6497\/revisions"}],"predecessor-version":[{"id":6498,"href":"http:\/\/laplumedeloiseaulyre.com\/index.php?rest_route=\/wp\/v2\/pages\/6497\/revisions\/6498"}],"wp:attachment":[{"href":"http:\/\/laplumedeloiseaulyre.com\/index.php?rest_route=%2Fwp%2Fv2%2Fmedia&parent=6497"}],"curies":[{"name":"wp","href":"https:\/\/api.w.org\/{rel}","templated":true}]}}