{"id":6483,"date":"2018-02-26T20:16:59","date_gmt":"2018-02-26T20:16:59","guid":{"rendered":"http:\/\/laplumedeloiseaulyre.com\/?page_id=6483"},"modified":"2018-02-26T20:16:59","modified_gmt":"2018-02-26T20:16:59","slug":"caprier-capparis-spinosa","status":"publish","type":"page","link":"http:\/\/laplumedeloiseaulyre.com\/?page_id=6483","title":{"rendered":"C\u00c2PRIER Capparis spinosa"},"content":{"rendered":"<p>Je ne reviendrai plus sur nos secrets !<br \/>\nIl faut les ensevelir en pri\u00e8res<br \/>\nSans jamais les d\u00e9terrer de leurs bi\u00e8res<br \/>\nMais les sceller d&rsquo;un plant de C\u00e2prier.<\/p>\n","protected":false},"excerpt":{"rendered":"<p>Je ne reviendrai plus sur nos secrets ! Il faut les ensevelir en pri\u00e8res Sans jamais les d\u00e9terrer de leurs bi\u00e8res Mais les sceller d&rsquo;un plant de C\u00e2prier.<\/p>\n<p class=\"more-link-p\"><a class=\"more-link\" href=\"http:\/\/laplumedeloiseaulyre.com\/?page_id=6483\">Read more &rarr;<\/a><\/p>\n","protected":false},"author":1,"featured_media":0,"parent":0,"menu_order":0,"comment_status":"closed","ping_status":"closed","template":"","meta":{"spay_email":""},"jetpack_shortlink":"https:\/\/wp.me\/P4lzfC-1Gz","_links":{"self":[{"href":"http:\/\/laplumedeloiseaulyre.com\/index.php?rest_route=\/wp\/v2\/pages\/6483"}],"collection":[{"href":"http:\/\/laplumedeloiseaulyre.com\/index.php?rest_route=\/wp\/v2\/pages"}],"about":[{"href":"http:\/\/laplumedeloiseaulyre.com\/index.php?rest_route=\/wp\/v2\/types\/page"}],"author":[{"embeddable":true,"href":"http:\/\/laplumedeloiseaulyre.com\/index.php?rest_route=\/wp\/v2\/users\/1"}],"replies":[{"embeddable":true,"href":"http:\/\/laplumedeloiseaulyre.com\/index.php?rest_route=%2Fwp%2Fv2%2Fcomments&post=6483"}],"version-history":[{"count":1,"href":"http:\/\/laplumedeloiseaulyre.com\/index.php?rest_route=\/wp\/v2\/pages\/6483\/revisions"}],"predecessor-version":[{"id":6484,"href":"http:\/\/laplumedeloiseaulyre.com\/index.php?rest_route=\/wp\/v2\/pages\/6483\/revisions\/6484"}],"wp:attachment":[{"href":"http:\/\/laplumedeloiseaulyre.com\/index.php?rest_route=%2Fwp%2Fv2%2Fmedia&parent=6483"}],"curies":[{"name":"wp","href":"https:\/\/api.w.org\/{rel}","templated":true}]}}