{"id":6473,"date":"2018-02-26T20:08:35","date_gmt":"2018-02-26T20:08:35","guid":{"rendered":"http:\/\/laplumedeloiseaulyre.com\/?page_id=6473"},"modified":"2022-01-30T22:43:31","modified_gmt":"2022-01-30T22:43:31","slug":"camphrier-cinnamomum-camphora","status":"publish","type":"page","link":"http:\/\/laplumedeloiseaulyre.com\/?page_id=6473","title":{"rendered":"CAMPHRIER  Cinnamomum camphora"},"content":{"rendered":"<p>P\u00e2le Camphrier penchait son regard clair<br \/>\nQue jamais aucun d\u00e9sir ne courrouce,<br \/>\nIl \u00e9crivait sur deux tables de verre :<br \/>\n\u00ab\u00a0Je n&rsquo;ai \u00e9t\u00e9 \u00e0 aucun pour \u00eatre \u00e0 tous.\u00a0\u00bb<\/p>\n","protected":false},"excerpt":{"rendered":"<p>P\u00e2le Camphrier penchait son regard clair Que jamais aucun d\u00e9sir ne courrouce, Il \u00e9crivait sur deux tables de verre : \u00ab\u00a0Je n&rsquo;ai \u00e9t\u00e9 \u00e0 aucun pour \u00eatre \u00e0 tous.\u00a0\u00bb<\/p>\n<p class=\"more-link-p\"><a class=\"more-link\" href=\"http:\/\/laplumedeloiseaulyre.com\/?page_id=6473\">Read more &rarr;<\/a><\/p>\n","protected":false},"author":1,"featured_media":0,"parent":0,"menu_order":0,"comment_status":"closed","ping_status":"closed","template":"","meta":{"spay_email":""},"jetpack_shortlink":"https:\/\/wp.me\/P4lzfC-1Gp","_links":{"self":[{"href":"http:\/\/laplumedeloiseaulyre.com\/index.php?rest_route=\/wp\/v2\/pages\/6473"}],"collection":[{"href":"http:\/\/laplumedeloiseaulyre.com\/index.php?rest_route=\/wp\/v2\/pages"}],"about":[{"href":"http:\/\/laplumedeloiseaulyre.com\/index.php?rest_route=\/wp\/v2\/types\/page"}],"author":[{"embeddable":true,"href":"http:\/\/laplumedeloiseaulyre.com\/index.php?rest_route=\/wp\/v2\/users\/1"}],"replies":[{"embeddable":true,"href":"http:\/\/laplumedeloiseaulyre.com\/index.php?rest_route=%2Fwp%2Fv2%2Fcomments&post=6473"}],"version-history":[{"count":2,"href":"http:\/\/laplumedeloiseaulyre.com\/index.php?rest_route=\/wp\/v2\/pages\/6473\/revisions"}],"predecessor-version":[{"id":13490,"href":"http:\/\/laplumedeloiseaulyre.com\/index.php?rest_route=\/wp\/v2\/pages\/6473\/revisions\/13490"}],"wp:attachment":[{"href":"http:\/\/laplumedeloiseaulyre.com\/index.php?rest_route=%2Fwp%2Fv2%2Fmedia&parent=6473"}],"curies":[{"name":"wp","href":"https:\/\/api.w.org\/{rel}","templated":true}]}}