{"id":6457,"date":"2018-02-26T19:51:08","date_gmt":"2018-02-26T19:51:08","guid":{"rendered":"http:\/\/laplumedeloiseaulyre.com\/?page_id=6457"},"modified":"2018-02-26T19:51:08","modified_gmt":"2018-02-26T19:51:08","slug":"cafeier-coffea-arabica","status":"publish","type":"page","link":"http:\/\/laplumedeloiseaulyre.com\/?page_id=6457","title":{"rendered":"CAF\u00c9IER  Coffea arabica"},"content":{"rendered":"<p>La mort ne voudra pas du Caf\u00e9ier<br \/>\nMalgr\u00e9 sa conqu\u00eate de minotaure,<br \/>\nElle laissera toujours ce doux tort<br \/>\n\u00c9tancher la soif des hommes lass\u00e9s.<\/p>\n","protected":false},"excerpt":{"rendered":"<p>La mort ne voudra pas du Caf\u00e9ier Malgr\u00e9 sa conqu\u00eate de minotaure, Elle laissera toujours ce doux tort \u00c9tancher la soif des hommes lass\u00e9s.<\/p>\n<p class=\"more-link-p\"><a class=\"more-link\" href=\"http:\/\/laplumedeloiseaulyre.com\/?page_id=6457\">Read more &rarr;<\/a><\/p>\n","protected":false},"author":1,"featured_media":0,"parent":0,"menu_order":0,"comment_status":"closed","ping_status":"closed","template":"","meta":{"spay_email":""},"jetpack_shortlink":"https:\/\/wp.me\/P4lzfC-1G9","_links":{"self":[{"href":"http:\/\/laplumedeloiseaulyre.com\/index.php?rest_route=\/wp\/v2\/pages\/6457"}],"collection":[{"href":"http:\/\/laplumedeloiseaulyre.com\/index.php?rest_route=\/wp\/v2\/pages"}],"about":[{"href":"http:\/\/laplumedeloiseaulyre.com\/index.php?rest_route=\/wp\/v2\/types\/page"}],"author":[{"embeddable":true,"href":"http:\/\/laplumedeloiseaulyre.com\/index.php?rest_route=\/wp\/v2\/users\/1"}],"replies":[{"embeddable":true,"href":"http:\/\/laplumedeloiseaulyre.com\/index.php?rest_route=%2Fwp%2Fv2%2Fcomments&post=6457"}],"version-history":[{"count":1,"href":"http:\/\/laplumedeloiseaulyre.com\/index.php?rest_route=\/wp\/v2\/pages\/6457\/revisions"}],"predecessor-version":[{"id":6458,"href":"http:\/\/laplumedeloiseaulyre.com\/index.php?rest_route=\/wp\/v2\/pages\/6457\/revisions\/6458"}],"wp:attachment":[{"href":"http:\/\/laplumedeloiseaulyre.com\/index.php?rest_route=%2Fwp%2Fv2%2Fmedia&parent=6457"}],"curies":[{"name":"wp","href":"https:\/\/api.w.org\/{rel}","templated":true}]}}