{"id":6455,"date":"2018-02-26T19:50:07","date_gmt":"2018-02-26T19:50:07","guid":{"rendered":"http:\/\/laplumedeloiseaulyre.com\/?page_id=6455"},"modified":"2018-02-26T19:50:07","modified_gmt":"2018-02-26T19:50:07","slug":"cactus-cactaceae","status":"publish","type":"page","link":"http:\/\/laplumedeloiseaulyre.com\/?page_id=6455","title":{"rendered":"CACTUS  Cactaceae"},"content":{"rendered":"<p>Cactus est bien amer d&rsquo;avoir v\u00e9cu<br \/>\nProt\u00e9g\u00e9 par ses piquants dentel\u00e9s<br \/>\nAinsi va le c\u0153ur quand il est reclus<br \/>\nDans la forteresse de son p\u00e9ch\u00e9.<\/p>\n","protected":false},"excerpt":{"rendered":"<p>Cactus est bien amer d&rsquo;avoir v\u00e9cu Prot\u00e9g\u00e9 par ses piquants dentel\u00e9s Ainsi va le c\u0153ur quand il est reclus Dans la forteresse de son p\u00e9ch\u00e9.<\/p>\n<p class=\"more-link-p\"><a class=\"more-link\" href=\"http:\/\/laplumedeloiseaulyre.com\/?page_id=6455\">Read more &rarr;<\/a><\/p>\n","protected":false},"author":1,"featured_media":0,"parent":0,"menu_order":0,"comment_status":"closed","ping_status":"closed","template":"","meta":{"spay_email":""},"jetpack_shortlink":"https:\/\/wp.me\/P4lzfC-1G7","_links":{"self":[{"href":"http:\/\/laplumedeloiseaulyre.com\/index.php?rest_route=\/wp\/v2\/pages\/6455"}],"collection":[{"href":"http:\/\/laplumedeloiseaulyre.com\/index.php?rest_route=\/wp\/v2\/pages"}],"about":[{"href":"http:\/\/laplumedeloiseaulyre.com\/index.php?rest_route=\/wp\/v2\/types\/page"}],"author":[{"embeddable":true,"href":"http:\/\/laplumedeloiseaulyre.com\/index.php?rest_route=\/wp\/v2\/users\/1"}],"replies":[{"embeddable":true,"href":"http:\/\/laplumedeloiseaulyre.com\/index.php?rest_route=%2Fwp%2Fv2%2Fcomments&post=6455"}],"version-history":[{"count":1,"href":"http:\/\/laplumedeloiseaulyre.com\/index.php?rest_route=\/wp\/v2\/pages\/6455\/revisions"}],"predecessor-version":[{"id":6456,"href":"http:\/\/laplumedeloiseaulyre.com\/index.php?rest_route=\/wp\/v2\/pages\/6455\/revisions\/6456"}],"wp:attachment":[{"href":"http:\/\/laplumedeloiseaulyre.com\/index.php?rest_route=%2Fwp%2Fv2%2Fmedia&parent=6455"}],"curies":[{"name":"wp","href":"https:\/\/api.w.org\/{rel}","templated":true}]}}