{"id":6449,"date":"2018-02-26T17:09:18","date_gmt":"2018-02-26T17:09:18","guid":{"rendered":"http:\/\/laplumedeloiseaulyre.com\/?page_id=6449"},"modified":"2018-02-26T17:09:18","modified_gmt":"2018-02-26T17:09:18","slug":"bulbinella-bulbinella-frutescens","status":"publish","type":"page","link":"http:\/\/laplumedeloiseaulyre.com\/?page_id=6449","title":{"rendered":"BULBINELLA\u00a0Bulbinella frutescens"},"content":{"rendered":"<p>Je ne veux plus rien en cette existence<br \/>\nQu&rsquo;un jardin plant\u00e9 de Bulbinella,<br \/>\nUn puits sans margelle o\u00f9 Cyb\u00e8le pense,<br \/>\nUn c\u0153ur seul \u00e0 seul avec l\u2019Au-Del\u00e0.<\/p>\n","protected":false},"excerpt":{"rendered":"<p>Je ne veux plus rien en cette existence Qu&rsquo;un jardin plant\u00e9 de Bulbinella, Un puits sans margelle o\u00f9 Cyb\u00e8le pense, Un c\u0153ur seul \u00e0 seul avec l\u2019Au-Del\u00e0.<\/p>\n<p class=\"more-link-p\"><a class=\"more-link\" href=\"http:\/\/laplumedeloiseaulyre.com\/?page_id=6449\">Read more &rarr;<\/a><\/p>\n","protected":false},"author":1,"featured_media":0,"parent":0,"menu_order":0,"comment_status":"closed","ping_status":"closed","template":"","meta":{"spay_email":""},"jetpack_shortlink":"https:\/\/wp.me\/P4lzfC-1G1","_links":{"self":[{"href":"http:\/\/laplumedeloiseaulyre.com\/index.php?rest_route=\/wp\/v2\/pages\/6449"}],"collection":[{"href":"http:\/\/laplumedeloiseaulyre.com\/index.php?rest_route=\/wp\/v2\/pages"}],"about":[{"href":"http:\/\/laplumedeloiseaulyre.com\/index.php?rest_route=\/wp\/v2\/types\/page"}],"author":[{"embeddable":true,"href":"http:\/\/laplumedeloiseaulyre.com\/index.php?rest_route=\/wp\/v2\/users\/1"}],"replies":[{"embeddable":true,"href":"http:\/\/laplumedeloiseaulyre.com\/index.php?rest_route=%2Fwp%2Fv2%2Fcomments&post=6449"}],"version-history":[{"count":1,"href":"http:\/\/laplumedeloiseaulyre.com\/index.php?rest_route=\/wp\/v2\/pages\/6449\/revisions"}],"predecessor-version":[{"id":6450,"href":"http:\/\/laplumedeloiseaulyre.com\/index.php?rest_route=\/wp\/v2\/pages\/6449\/revisions\/6450"}],"wp:attachment":[{"href":"http:\/\/laplumedeloiseaulyre.com\/index.php?rest_route=%2Fwp%2Fv2%2Fmedia&parent=6449"}],"curies":[{"name":"wp","href":"https:\/\/api.w.org\/{rel}","templated":true}]}}