{"id":6447,"date":"2018-02-26T17:08:05","date_gmt":"2018-02-26T17:08:05","guid":{"rendered":"http:\/\/laplumedeloiseaulyre.com\/?page_id=6447"},"modified":"2018-02-26T17:08:05","modified_gmt":"2018-02-26T17:08:05","slug":"buis-buxus-sempervirens","status":"publish","type":"page","link":"http:\/\/laplumedeloiseaulyre.com\/?page_id=6447","title":{"rendered":"BUIS\u00a0Buxus sempervirens"},"content":{"rendered":"<p>\u00d4 tr\u00e8s myst\u00e9rieuse dialectique\u00a0:<br \/>\nTu perds tout en d\u00e9sirant tout gagner<br \/>\nComme Buis demande \u00e0 \u00eatre taill\u00e9,<br \/>\nAmour est ton paradoxe mystique.<\/p>\n","protected":false},"excerpt":{"rendered":"<p>\u00d4 tr\u00e8s myst\u00e9rieuse dialectique\u00a0: Tu perds tout en d\u00e9sirant tout gagner Comme Buis demande \u00e0 \u00eatre taill\u00e9, Amour est ton paradoxe mystique.<\/p>\n<p class=\"more-link-p\"><a class=\"more-link\" href=\"http:\/\/laplumedeloiseaulyre.com\/?page_id=6447\">Read more &rarr;<\/a><\/p>\n","protected":false},"author":1,"featured_media":0,"parent":0,"menu_order":0,"comment_status":"closed","ping_status":"closed","template":"","meta":{"spay_email":""},"jetpack_shortlink":"https:\/\/wp.me\/P4lzfC-1FZ","_links":{"self":[{"href":"http:\/\/laplumedeloiseaulyre.com\/index.php?rest_route=\/wp\/v2\/pages\/6447"}],"collection":[{"href":"http:\/\/laplumedeloiseaulyre.com\/index.php?rest_route=\/wp\/v2\/pages"}],"about":[{"href":"http:\/\/laplumedeloiseaulyre.com\/index.php?rest_route=\/wp\/v2\/types\/page"}],"author":[{"embeddable":true,"href":"http:\/\/laplumedeloiseaulyre.com\/index.php?rest_route=\/wp\/v2\/users\/1"}],"replies":[{"embeddable":true,"href":"http:\/\/laplumedeloiseaulyre.com\/index.php?rest_route=%2Fwp%2Fv2%2Fcomments&post=6447"}],"version-history":[{"count":1,"href":"http:\/\/laplumedeloiseaulyre.com\/index.php?rest_route=\/wp\/v2\/pages\/6447\/revisions"}],"predecessor-version":[{"id":6448,"href":"http:\/\/laplumedeloiseaulyre.com\/index.php?rest_route=\/wp\/v2\/pages\/6447\/revisions\/6448"}],"wp:attachment":[{"href":"http:\/\/laplumedeloiseaulyre.com\/index.php?rest_route=%2Fwp%2Fv2%2Fmedia&parent=6447"}],"curies":[{"name":"wp","href":"https:\/\/api.w.org\/{rel}","templated":true}]}}