{"id":6443,"date":"2018-02-26T17:05:05","date_gmt":"2018-02-26T17:05:05","guid":{"rendered":"http:\/\/laplumedeloiseaulyre.com\/?page_id=6443"},"modified":"2018-02-26T17:05:05","modified_gmt":"2018-02-26T17:05:05","slug":"bugle-rampante-ajuga-reptans","status":"publish","type":"page","link":"http:\/\/laplumedeloiseaulyre.com\/?page_id=6443","title":{"rendered":"BUGLE RAMPANTE \u00a0Ajuga reptans"},"content":{"rendered":"<p>Rampante Bugle \u00e9tire ses stolons<br \/>\nComme des bras emball\u00e9s d\u2019amourette,<br \/>\nComme des muscles de v\u00e9g\u00e9tation<br \/>\nFestonn\u00e9s de broussailleuses gourmettes.<\/p>\n","protected":false},"excerpt":{"rendered":"<p>Rampante Bugle \u00e9tire ses stolons Comme des bras emball\u00e9s d\u2019amourette, Comme des muscles de v\u00e9g\u00e9tation Festonn\u00e9s de broussailleuses gourmettes.<\/p>\n<p class=\"more-link-p\"><a class=\"more-link\" href=\"http:\/\/laplumedeloiseaulyre.com\/?page_id=6443\">Read more &rarr;<\/a><\/p>\n","protected":false},"author":1,"featured_media":0,"parent":0,"menu_order":0,"comment_status":"closed","ping_status":"closed","template":"","meta":{"spay_email":""},"jetpack_shortlink":"https:\/\/wp.me\/P4lzfC-1FV","_links":{"self":[{"href":"http:\/\/laplumedeloiseaulyre.com\/index.php?rest_route=\/wp\/v2\/pages\/6443"}],"collection":[{"href":"http:\/\/laplumedeloiseaulyre.com\/index.php?rest_route=\/wp\/v2\/pages"}],"about":[{"href":"http:\/\/laplumedeloiseaulyre.com\/index.php?rest_route=\/wp\/v2\/types\/page"}],"author":[{"embeddable":true,"href":"http:\/\/laplumedeloiseaulyre.com\/index.php?rest_route=\/wp\/v2\/users\/1"}],"replies":[{"embeddable":true,"href":"http:\/\/laplumedeloiseaulyre.com\/index.php?rest_route=%2Fwp%2Fv2%2Fcomments&post=6443"}],"version-history":[{"count":1,"href":"http:\/\/laplumedeloiseaulyre.com\/index.php?rest_route=\/wp\/v2\/pages\/6443\/revisions"}],"predecessor-version":[{"id":6444,"href":"http:\/\/laplumedeloiseaulyre.com\/index.php?rest_route=\/wp\/v2\/pages\/6443\/revisions\/6444"}],"wp:attachment":[{"href":"http:\/\/laplumedeloiseaulyre.com\/index.php?rest_route=%2Fwp%2Fv2%2Fmedia&parent=6443"}],"curies":[{"name":"wp","href":"https:\/\/api.w.org\/{rel}","templated":true}]}}