{"id":6440,"date":"2018-02-26T17:03:47","date_gmt":"2018-02-26T17:03:47","guid":{"rendered":"http:\/\/laplumedeloiseaulyre.com\/?page_id=6440"},"modified":"2018-02-26T17:03:47","modified_gmt":"2018-02-26T17:03:47","slug":"buddleia-buddleja-davidii","status":"publish","type":"page","link":"http:\/\/laplumedeloiseaulyre.com\/?page_id=6440","title":{"rendered":"BUDDLEIA Buddleja davidii"},"content":{"rendered":"<p>Abb\u00e9 j\u00e9suite ou arbre aux papillons,<br \/>\nLe Buddleia sait son nectar sapide,<br \/>\nIl \u00e9num\u00e8re souvent ses pr\u00e9noms,<br \/>\nFier d\u2019\u00eatre le fils du p\u00e8re David.<\/p>\n","protected":false},"excerpt":{"rendered":"<p>Abb\u00e9 j\u00e9suite ou arbre aux papillons, Le Buddleia sait son nectar sapide, Il \u00e9num\u00e8re souvent ses pr\u00e9noms, Fier d\u2019\u00eatre le fils du p\u00e8re David.<\/p>\n<p class=\"more-link-p\"><a class=\"more-link\" href=\"http:\/\/laplumedeloiseaulyre.com\/?page_id=6440\">Read more &rarr;<\/a><\/p>\n","protected":false},"author":1,"featured_media":0,"parent":0,"menu_order":0,"comment_status":"closed","ping_status":"closed","template":"","meta":{"spay_email":""},"jetpack_shortlink":"https:\/\/wp.me\/P4lzfC-1FS","_links":{"self":[{"href":"http:\/\/laplumedeloiseaulyre.com\/index.php?rest_route=\/wp\/v2\/pages\/6440"}],"collection":[{"href":"http:\/\/laplumedeloiseaulyre.com\/index.php?rest_route=\/wp\/v2\/pages"}],"about":[{"href":"http:\/\/laplumedeloiseaulyre.com\/index.php?rest_route=\/wp\/v2\/types\/page"}],"author":[{"embeddable":true,"href":"http:\/\/laplumedeloiseaulyre.com\/index.php?rest_route=\/wp\/v2\/users\/1"}],"replies":[{"embeddable":true,"href":"http:\/\/laplumedeloiseaulyre.com\/index.php?rest_route=%2Fwp%2Fv2%2Fcomments&post=6440"}],"version-history":[{"count":1,"href":"http:\/\/laplumedeloiseaulyre.com\/index.php?rest_route=\/wp\/v2\/pages\/6440\/revisions"}],"predecessor-version":[{"id":6441,"href":"http:\/\/laplumedeloiseaulyre.com\/index.php?rest_route=\/wp\/v2\/pages\/6440\/revisions\/6441"}],"wp:attachment":[{"href":"http:\/\/laplumedeloiseaulyre.com\/index.php?rest_route=%2Fwp%2Fv2%2Fmedia&parent=6440"}],"curies":[{"name":"wp","href":"https:\/\/api.w.org\/{rel}","templated":true}]}}