{"id":6438,"date":"2018-02-26T17:02:47","date_gmt":"2018-02-26T17:02:47","guid":{"rendered":"http:\/\/laplumedeloiseaulyre.com\/?page_id=6438"},"modified":"2018-02-26T17:02:47","modified_gmt":"2018-02-26T17:02:47","slug":"bryone-bryonia-dioica","status":"publish","type":"page","link":"http:\/\/laplumedeloiseaulyre.com\/?page_id=6438","title":{"rendered":"BRYONE Bryonia dioica"},"content":{"rendered":"<p>Liant et d\u00e9liant ses mains gel\u00e9es<br \/>\nLa Bryone drapait de sort le givre<br \/>\nEn s&rsquo;y enrubannant comme une guivre,<br \/>\nEt soumettait la campagne \u00e0 ses pieds.<\/p>\n","protected":false},"excerpt":{"rendered":"<p>Liant et d\u00e9liant ses mains gel\u00e9es La Bryone drapait de sort le givre En s&rsquo;y enrubannant comme une guivre, Et soumettait la campagne \u00e0 ses pieds.<\/p>\n<p class=\"more-link-p\"><a class=\"more-link\" href=\"http:\/\/laplumedeloiseaulyre.com\/?page_id=6438\">Read more &rarr;<\/a><\/p>\n","protected":false},"author":1,"featured_media":0,"parent":0,"menu_order":0,"comment_status":"closed","ping_status":"closed","template":"","meta":{"spay_email":""},"jetpack_shortlink":"https:\/\/wp.me\/P4lzfC-1FQ","_links":{"self":[{"href":"http:\/\/laplumedeloiseaulyre.com\/index.php?rest_route=\/wp\/v2\/pages\/6438"}],"collection":[{"href":"http:\/\/laplumedeloiseaulyre.com\/index.php?rest_route=\/wp\/v2\/pages"}],"about":[{"href":"http:\/\/laplumedeloiseaulyre.com\/index.php?rest_route=\/wp\/v2\/types\/page"}],"author":[{"embeddable":true,"href":"http:\/\/laplumedeloiseaulyre.com\/index.php?rest_route=\/wp\/v2\/users\/1"}],"replies":[{"embeddable":true,"href":"http:\/\/laplumedeloiseaulyre.com\/index.php?rest_route=%2Fwp%2Fv2%2Fcomments&post=6438"}],"version-history":[{"count":1,"href":"http:\/\/laplumedeloiseaulyre.com\/index.php?rest_route=\/wp\/v2\/pages\/6438\/revisions"}],"predecessor-version":[{"id":6439,"href":"http:\/\/laplumedeloiseaulyre.com\/index.php?rest_route=\/wp\/v2\/pages\/6438\/revisions\/6439"}],"wp:attachment":[{"href":"http:\/\/laplumedeloiseaulyre.com\/index.php?rest_route=%2Fwp%2Fv2%2Fmedia&parent=6438"}],"curies":[{"name":"wp","href":"https:\/\/api.w.org\/{rel}","templated":true}]}}