{"id":6436,"date":"2018-02-26T17:01:42","date_gmt":"2018-02-26T17:01:42","guid":{"rendered":"http:\/\/laplumedeloiseaulyre.com\/?page_id=6436"},"modified":"2022-02-25T00:16:39","modified_gmt":"2022-02-25T00:16:39","slug":"bruyere-erica-vagans","status":"publish","type":"page","link":"http:\/\/laplumedeloiseaulyre.com\/?page_id=6436","title":{"rendered":"BRUY\u00c8RE Erica vagans"},"content":{"rendered":"<p>Quand le monde p\u00e9tri d\u2019horreur vomit sa haine<br \/>\nQuand la v\u00e9rit\u00e9 noy\u00e9e dans son puits se tait<br \/>\nQuand l\u2019enfer gesticule en son cycle imparfait<br \/>\nJe vous salue Bruy\u00e8re stable de la plaine\u00a0!<\/p>\n","protected":false},"excerpt":{"rendered":"<p>Quand le monde p\u00e9tri d\u2019horreur vomit sa haine Quand la v\u00e9rit\u00e9 noy\u00e9e dans son puits se tait Quand l\u2019enfer gesticule en son cycle imparfait Je vous salue Bruy\u00e8re stable de la plaine\u00a0!<\/p>\n<p class=\"more-link-p\"><a class=\"more-link\" href=\"http:\/\/laplumedeloiseaulyre.com\/?page_id=6436\">Read more &rarr;<\/a><\/p>\n","protected":false},"author":1,"featured_media":0,"parent":0,"menu_order":0,"comment_status":"closed","ping_status":"closed","template":"","meta":{"spay_email":""},"jetpack_shortlink":"https:\/\/wp.me\/P4lzfC-1FO","_links":{"self":[{"href":"http:\/\/laplumedeloiseaulyre.com\/index.php?rest_route=\/wp\/v2\/pages\/6436"}],"collection":[{"href":"http:\/\/laplumedeloiseaulyre.com\/index.php?rest_route=\/wp\/v2\/pages"}],"about":[{"href":"http:\/\/laplumedeloiseaulyre.com\/index.php?rest_route=\/wp\/v2\/types\/page"}],"author":[{"embeddable":true,"href":"http:\/\/laplumedeloiseaulyre.com\/index.php?rest_route=\/wp\/v2\/users\/1"}],"replies":[{"embeddable":true,"href":"http:\/\/laplumedeloiseaulyre.com\/index.php?rest_route=%2Fwp%2Fv2%2Fcomments&post=6436"}],"version-history":[{"count":2,"href":"http:\/\/laplumedeloiseaulyre.com\/index.php?rest_route=\/wp\/v2\/pages\/6436\/revisions"}],"predecessor-version":[{"id":13652,"href":"http:\/\/laplumedeloiseaulyre.com\/index.php?rest_route=\/wp\/v2\/pages\/6436\/revisions\/13652"}],"wp:attachment":[{"href":"http:\/\/laplumedeloiseaulyre.com\/index.php?rest_route=%2Fwp%2Fv2%2Fmedia&parent=6436"}],"curies":[{"name":"wp","href":"https:\/\/api.w.org\/{rel}","templated":true}]}}