{"id":6430,"date":"2018-02-26T16:54:56","date_gmt":"2018-02-26T16:54:56","guid":{"rendered":"http:\/\/laplumedeloiseaulyre.com\/?page_id=6430"},"modified":"2022-02-25T00:15:30","modified_gmt":"2022-02-25T00:15:30","slug":"brugnon-prunus-persica-var-nucipersica","status":"publish","type":"page","link":"http:\/\/laplumedeloiseaulyre.com\/?page_id=6430","title":{"rendered":"BRUGNON Prunus persica var. nucipersica"},"content":{"rendered":"<p>Int\u00e9rimaire en p\u00e9riode de mutation<br \/>\nAu verger, d\u00e9bonnaire il refait ses bagages,<br \/>\nAll\u00e8le r\u00e9cessif du p\u00eacher qui l\u2019engage,<br \/>\nFr\u00e8re ou fils glabre et cach\u00e9, voici le Brugnon !<\/p>\n","protected":false},"excerpt":{"rendered":"<p>Int\u00e9rimaire en p\u00e9riode de mutation Au verger, d\u00e9bonnaire il refait ses bagages, All\u00e8le r\u00e9cessif du p\u00eacher qui l\u2019engage, Fr\u00e8re ou fils glabre et cach\u00e9, voici le Brugnon !<\/p>\n<p class=\"more-link-p\"><a class=\"more-link\" href=\"http:\/\/laplumedeloiseaulyre.com\/?page_id=6430\">Read more &rarr;<\/a><\/p>\n","protected":false},"author":1,"featured_media":0,"parent":0,"menu_order":0,"comment_status":"closed","ping_status":"closed","template":"","meta":{"spay_email":""},"jetpack_shortlink":"https:\/\/wp.me\/P4lzfC-1FI","_links":{"self":[{"href":"http:\/\/laplumedeloiseaulyre.com\/index.php?rest_route=\/wp\/v2\/pages\/6430"}],"collection":[{"href":"http:\/\/laplumedeloiseaulyre.com\/index.php?rest_route=\/wp\/v2\/pages"}],"about":[{"href":"http:\/\/laplumedeloiseaulyre.com\/index.php?rest_route=\/wp\/v2\/types\/page"}],"author":[{"embeddable":true,"href":"http:\/\/laplumedeloiseaulyre.com\/index.php?rest_route=\/wp\/v2\/users\/1"}],"replies":[{"embeddable":true,"href":"http:\/\/laplumedeloiseaulyre.com\/index.php?rest_route=%2Fwp%2Fv2%2Fcomments&post=6430"}],"version-history":[{"count":2,"href":"http:\/\/laplumedeloiseaulyre.com\/index.php?rest_route=\/wp\/v2\/pages\/6430\/revisions"}],"predecessor-version":[{"id":13651,"href":"http:\/\/laplumedeloiseaulyre.com\/index.php?rest_route=\/wp\/v2\/pages\/6430\/revisions\/13651"}],"wp:attachment":[{"href":"http:\/\/laplumedeloiseaulyre.com\/index.php?rest_route=%2Fwp%2Fv2%2Fmedia&parent=6430"}],"curies":[{"name":"wp","href":"https:\/\/api.w.org\/{rel}","templated":true}]}}