{"id":6428,"date":"2018-02-26T16:53:54","date_gmt":"2018-02-26T16:53:54","guid":{"rendered":"http:\/\/laplumedeloiseaulyre.com\/?page_id=6428"},"modified":"2018-02-26T16:53:54","modified_gmt":"2018-02-26T16:53:54","slug":"brugmansia-brugmansia-versicolor","status":"publish","type":"page","link":"http:\/\/laplumedeloiseaulyre.com\/?page_id=6428","title":{"rendered":"BRUGMANSIA Brugmansia versicolor"},"content":{"rendered":"<p>L\u2019orage tonne et gronde tout l\u00e0-bas,<br \/>\nLa trompette du Brugmansia bl\u00eamit,<br \/>\nNous avons v\u00e9cu le m\u00eame combat\u00a0:<br \/>\nDeux amis certainement ennemis.<\/p>\n","protected":false},"excerpt":{"rendered":"<p>L\u2019orage tonne et gronde tout l\u00e0-bas, La trompette du Brugmansia bl\u00eamit, Nous avons v\u00e9cu le m\u00eame combat\u00a0: Deux amis certainement ennemis.<\/p>\n<p class=\"more-link-p\"><a class=\"more-link\" href=\"http:\/\/laplumedeloiseaulyre.com\/?page_id=6428\">Read more &rarr;<\/a><\/p>\n","protected":false},"author":1,"featured_media":0,"parent":0,"menu_order":0,"comment_status":"closed","ping_status":"closed","template":"","meta":{"spay_email":""},"jetpack_shortlink":"https:\/\/wp.me\/P4lzfC-1FG","_links":{"self":[{"href":"http:\/\/laplumedeloiseaulyre.com\/index.php?rest_route=\/wp\/v2\/pages\/6428"}],"collection":[{"href":"http:\/\/laplumedeloiseaulyre.com\/index.php?rest_route=\/wp\/v2\/pages"}],"about":[{"href":"http:\/\/laplumedeloiseaulyre.com\/index.php?rest_route=\/wp\/v2\/types\/page"}],"author":[{"embeddable":true,"href":"http:\/\/laplumedeloiseaulyre.com\/index.php?rest_route=\/wp\/v2\/users\/1"}],"replies":[{"embeddable":true,"href":"http:\/\/laplumedeloiseaulyre.com\/index.php?rest_route=%2Fwp%2Fv2%2Fcomments&post=6428"}],"version-history":[{"count":1,"href":"http:\/\/laplumedeloiseaulyre.com\/index.php?rest_route=\/wp\/v2\/pages\/6428\/revisions"}],"predecessor-version":[{"id":6429,"href":"http:\/\/laplumedeloiseaulyre.com\/index.php?rest_route=\/wp\/v2\/pages\/6428\/revisions\/6429"}],"wp:attachment":[{"href":"http:\/\/laplumedeloiseaulyre.com\/index.php?rest_route=%2Fwp%2Fv2%2Fmedia&parent=6428"}],"curies":[{"name":"wp","href":"https:\/\/api.w.org\/{rel}","templated":true}]}}