{"id":6421,"date":"2018-02-26T16:48:16","date_gmt":"2018-02-26T16:48:16","guid":{"rendered":"http:\/\/laplumedeloiseaulyre.com\/?page_id=6421"},"modified":"2018-02-26T16:48:16","modified_gmt":"2018-02-26T16:48:16","slug":"bouleau-betula-pendula","status":"publish","type":"page","link":"http:\/\/laplumedeloiseaulyre.com\/?page_id=6421","title":{"rendered":"BOULEAU  Betula pendula"},"content":{"rendered":"<p>Dans la steppe des Bouleaux je ne suis entr\u00e9e,<br \/>\nComme jeune femme redoute le destin<br \/>\nPr\u00e9dit par une voyante aux doigts \u00e9corc\u00e9s<br \/>\nDans le labyrinthe des lignes de sa main.<\/p>\n","protected":false},"excerpt":{"rendered":"<p>Dans la steppe des Bouleaux je ne suis entr\u00e9e, Comme jeune femme redoute le destin Pr\u00e9dit par une voyante aux doigts \u00e9corc\u00e9s Dans le labyrinthe des lignes de sa main.<\/p>\n<p class=\"more-link-p\"><a class=\"more-link\" href=\"http:\/\/laplumedeloiseaulyre.com\/?page_id=6421\">Read more &rarr;<\/a><\/p>\n","protected":false},"author":1,"featured_media":0,"parent":0,"menu_order":0,"comment_status":"closed","ping_status":"closed","template":"","meta":{"spay_email":""},"jetpack_shortlink":"https:\/\/wp.me\/P4lzfC-1Fz","_links":{"self":[{"href":"http:\/\/laplumedeloiseaulyre.com\/index.php?rest_route=\/wp\/v2\/pages\/6421"}],"collection":[{"href":"http:\/\/laplumedeloiseaulyre.com\/index.php?rest_route=\/wp\/v2\/pages"}],"about":[{"href":"http:\/\/laplumedeloiseaulyre.com\/index.php?rest_route=\/wp\/v2\/types\/page"}],"author":[{"embeddable":true,"href":"http:\/\/laplumedeloiseaulyre.com\/index.php?rest_route=\/wp\/v2\/users\/1"}],"replies":[{"embeddable":true,"href":"http:\/\/laplumedeloiseaulyre.com\/index.php?rest_route=%2Fwp%2Fv2%2Fcomments&post=6421"}],"version-history":[{"count":1,"href":"http:\/\/laplumedeloiseaulyre.com\/index.php?rest_route=\/wp\/v2\/pages\/6421\/revisions"}],"predecessor-version":[{"id":6422,"href":"http:\/\/laplumedeloiseaulyre.com\/index.php?rest_route=\/wp\/v2\/pages\/6421\/revisions\/6422"}],"wp:attachment":[{"href":"http:\/\/laplumedeloiseaulyre.com\/index.php?rest_route=%2Fwp%2Fv2%2Fmedia&parent=6421"}],"curies":[{"name":"wp","href":"https:\/\/api.w.org\/{rel}","templated":true}]}}