{"id":6416,"date":"2018-02-26T16:46:00","date_gmt":"2018-02-26T16:46:00","guid":{"rendered":"http:\/\/laplumedeloiseaulyre.com\/?page_id=6416"},"modified":"2018-02-26T16:46:00","modified_gmt":"2018-02-26T16:46:00","slug":"bougainvillier-bougainvillea-spectabilis","status":"publish","type":"page","link":"http:\/\/laplumedeloiseaulyre.com\/?page_id=6416","title":{"rendered":"BOUGAINVILLIER Bougainvillea spectabilis"},"content":{"rendered":"<p>J&rsquo;oublierai les couronnes de Bougainvilliers<br \/>\nLaissant derri\u00e8re moi les fleurs de nos amours,<br \/>\nMe vouant solitaire \u00e0 Dame Libert\u00e9,<br \/>\nSans jamais me retourner sur nos jeunes jours.<\/p>\n","protected":false},"excerpt":{"rendered":"<p>J&rsquo;oublierai les couronnes de Bougainvilliers Laissant derri\u00e8re moi les fleurs de nos amours, Me vouant solitaire \u00e0 Dame Libert\u00e9, Sans jamais me retourner sur nos jeunes jours.<\/p>\n<p class=\"more-link-p\"><a class=\"more-link\" href=\"http:\/\/laplumedeloiseaulyre.com\/?page_id=6416\">Read more &rarr;<\/a><\/p>\n","protected":false},"author":1,"featured_media":0,"parent":0,"menu_order":0,"comment_status":"closed","ping_status":"closed","template":"","meta":{"spay_email":""},"jetpack_shortlink":"https:\/\/wp.me\/P4lzfC-1Fu","_links":{"self":[{"href":"http:\/\/laplumedeloiseaulyre.com\/index.php?rest_route=\/wp\/v2\/pages\/6416"}],"collection":[{"href":"http:\/\/laplumedeloiseaulyre.com\/index.php?rest_route=\/wp\/v2\/pages"}],"about":[{"href":"http:\/\/laplumedeloiseaulyre.com\/index.php?rest_route=\/wp\/v2\/types\/page"}],"author":[{"embeddable":true,"href":"http:\/\/laplumedeloiseaulyre.com\/index.php?rest_route=\/wp\/v2\/users\/1"}],"replies":[{"embeddable":true,"href":"http:\/\/laplumedeloiseaulyre.com\/index.php?rest_route=%2Fwp%2Fv2%2Fcomments&post=6416"}],"version-history":[{"count":1,"href":"http:\/\/laplumedeloiseaulyre.com\/index.php?rest_route=\/wp\/v2\/pages\/6416\/revisions"}],"predecessor-version":[{"id":6417,"href":"http:\/\/laplumedeloiseaulyre.com\/index.php?rest_route=\/wp\/v2\/pages\/6416\/revisions\/6417"}],"wp:attachment":[{"href":"http:\/\/laplumedeloiseaulyre.com\/index.php?rest_route=%2Fwp%2Fv2%2Fmedia&parent=6416"}],"curies":[{"name":"wp","href":"https:\/\/api.w.org\/{rel}","templated":true}]}}