{"id":6409,"date":"2018-02-26T16:25:18","date_gmt":"2018-02-26T16:25:18","guid":{"rendered":"http:\/\/laplumedeloiseaulyre.com\/?page_id=6409"},"modified":"2022-02-25T00:14:41","modified_gmt":"2022-02-25T00:14:41","slug":"bois-de-rose-dalbergia-variabilis","status":"publish","type":"page","link":"http:\/\/laplumedeloiseaulyre.com\/?page_id=6409","title":{"rendered":"BOIS-DE-ROSE  Dalbergia variabilis"},"content":{"rendered":"<p>Dans le boudoir du vieux bois il prenait la pose\u00a0:<br \/>\u00ab Vous ai-je aim\u00e9e ? Non, je ne m\u2019en souviens gu\u00e8re ! \u00bb<br \/>Murmurait le bonheur-du-jour en Bois-de-rose<br \/>\u00c0 la duchesse bris\u00e9e de la clairi\u00e8re.<\/p>\n\n\n<p><\/p>\n","protected":false},"excerpt":{"rendered":"<p>Dans le boudoir du vieux bois il prenait la pose\u00a0:\u00ab Vous ai-je aim\u00e9e ? Non, je ne m\u2019en souviens gu\u00e8re ! \u00bbMurmurait le bonheur-du-jour en Bois-de-rose\u00c0 la duchesse bris\u00e9e de la clairi\u00e8re.<\/p>\n<p class=\"more-link-p\"><a class=\"more-link\" href=\"http:\/\/laplumedeloiseaulyre.com\/?page_id=6409\">Read more &rarr;<\/a><\/p>\n","protected":false},"author":1,"featured_media":0,"parent":0,"menu_order":0,"comment_status":"closed","ping_status":"closed","template":"","meta":{"spay_email":""},"jetpack_shortlink":"https:\/\/wp.me\/P4lzfC-1Fn","_links":{"self":[{"href":"http:\/\/laplumedeloiseaulyre.com\/index.php?rest_route=\/wp\/v2\/pages\/6409"}],"collection":[{"href":"http:\/\/laplumedeloiseaulyre.com\/index.php?rest_route=\/wp\/v2\/pages"}],"about":[{"href":"http:\/\/laplumedeloiseaulyre.com\/index.php?rest_route=\/wp\/v2\/types\/page"}],"author":[{"embeddable":true,"href":"http:\/\/laplumedeloiseaulyre.com\/index.php?rest_route=\/wp\/v2\/users\/1"}],"replies":[{"embeddable":true,"href":"http:\/\/laplumedeloiseaulyre.com\/index.php?rest_route=%2Fwp%2Fv2%2Fcomments&post=6409"}],"version-history":[{"count":5,"href":"http:\/\/laplumedeloiseaulyre.com\/index.php?rest_route=\/wp\/v2\/pages\/6409\/revisions"}],"predecessor-version":[{"id":13650,"href":"http:\/\/laplumedeloiseaulyre.com\/index.php?rest_route=\/wp\/v2\/pages\/6409\/revisions\/13650"}],"wp:attachment":[{"href":"http:\/\/laplumedeloiseaulyre.com\/index.php?rest_route=%2Fwp%2Fv2%2Fmedia&parent=6409"}],"curies":[{"name":"wp","href":"https:\/\/api.w.org\/{rel}","templated":true}]}}