{"id":6401,"date":"2018-02-26T16:19:35","date_gmt":"2018-02-26T16:19:35","guid":{"rendered":"http:\/\/laplumedeloiseaulyre.com\/?page_id=6401"},"modified":"2018-02-26T16:19:35","modified_gmt":"2018-02-26T16:19:35","slug":"bigaradier-citrus-aurantium","status":"publish","type":"page","link":"http:\/\/laplumedeloiseaulyre.com\/?page_id=6401","title":{"rendered":"BIGARADIER\u00a0Citrus aurantium"},"content":{"rendered":"<p>Avec son petit-grain de distillat,<br \/>\nAvec ses bigarrures panach\u00e9es,<br \/>\nBigaradier a <em>un je ne sais quoi<\/em><br \/>\nDe n\u00e9roli ou Maltais \u00e9corch\u00e9.<\/p>\n","protected":false},"excerpt":{"rendered":"<p>Avec son petit-grain de distillat, Avec ses bigarrures panach\u00e9es, Bigaradier a un je ne sais quoi De n\u00e9roli ou Maltais \u00e9corch\u00e9.<\/p>\n<p class=\"more-link-p\"><a class=\"more-link\" href=\"http:\/\/laplumedeloiseaulyre.com\/?page_id=6401\">Read more &rarr;<\/a><\/p>\n","protected":false},"author":1,"featured_media":0,"parent":0,"menu_order":0,"comment_status":"closed","ping_status":"closed","template":"","meta":{"spay_email":""},"jetpack_shortlink":"https:\/\/wp.me\/P4lzfC-1Ff","_links":{"self":[{"href":"http:\/\/laplumedeloiseaulyre.com\/index.php?rest_route=\/wp\/v2\/pages\/6401"}],"collection":[{"href":"http:\/\/laplumedeloiseaulyre.com\/index.php?rest_route=\/wp\/v2\/pages"}],"about":[{"href":"http:\/\/laplumedeloiseaulyre.com\/index.php?rest_route=\/wp\/v2\/types\/page"}],"author":[{"embeddable":true,"href":"http:\/\/laplumedeloiseaulyre.com\/index.php?rest_route=\/wp\/v2\/users\/1"}],"replies":[{"embeddable":true,"href":"http:\/\/laplumedeloiseaulyre.com\/index.php?rest_route=%2Fwp%2Fv2%2Fcomments&post=6401"}],"version-history":[{"count":1,"href":"http:\/\/laplumedeloiseaulyre.com\/index.php?rest_route=\/wp\/v2\/pages\/6401\/revisions"}],"predecessor-version":[{"id":6402,"href":"http:\/\/laplumedeloiseaulyre.com\/index.php?rest_route=\/wp\/v2\/pages\/6401\/revisions\/6402"}],"wp:attachment":[{"href":"http:\/\/laplumedeloiseaulyre.com\/index.php?rest_route=%2Fwp%2Fv2%2Fmedia&parent=6401"}],"curies":[{"name":"wp","href":"https:\/\/api.w.org\/{rel}","templated":true}]}}