{"id":6398,"date":"2018-02-26T16:18:31","date_gmt":"2018-02-26T16:18:31","guid":{"rendered":"http:\/\/laplumedeloiseaulyre.com\/?page_id=6398"},"modified":"2018-02-26T16:18:31","modified_gmt":"2018-02-26T16:18:31","slug":"betoine-stachys-officinalis","status":"publish","type":"page","link":"http:\/\/laplumedeloiseaulyre.com\/?page_id=6398","title":{"rendered":"B\u00c9TOINE\u00a0Stachys officinalis"},"content":{"rendered":"<p>Qui reviendra dans ce parc d\u00e9peupl\u00e9<br \/>\nRanimer les B\u00e9toines aux buccins muets\u00a0?<br \/>\nSans le savoir vraiment je t\u2019ai longtemps aim\u00e9<br \/>\nComme cette fleur se m\u00e9connaissait.<\/p>\n","protected":false},"excerpt":{"rendered":"<p>Qui reviendra dans ce parc d\u00e9peupl\u00e9 Ranimer les B\u00e9toines aux buccins muets\u00a0? Sans le savoir vraiment je t\u2019ai longtemps aim\u00e9 Comme cette fleur se m\u00e9connaissait.<\/p>\n<p class=\"more-link-p\"><a class=\"more-link\" href=\"http:\/\/laplumedeloiseaulyre.com\/?page_id=6398\">Read more &rarr;<\/a><\/p>\n","protected":false},"author":1,"featured_media":0,"parent":0,"menu_order":0,"comment_status":"closed","ping_status":"closed","template":"","meta":{"spay_email":""},"jetpack_shortlink":"https:\/\/wp.me\/P4lzfC-1Fc","_links":{"self":[{"href":"http:\/\/laplumedeloiseaulyre.com\/index.php?rest_route=\/wp\/v2\/pages\/6398"}],"collection":[{"href":"http:\/\/laplumedeloiseaulyre.com\/index.php?rest_route=\/wp\/v2\/pages"}],"about":[{"href":"http:\/\/laplumedeloiseaulyre.com\/index.php?rest_route=\/wp\/v2\/types\/page"}],"author":[{"embeddable":true,"href":"http:\/\/laplumedeloiseaulyre.com\/index.php?rest_route=\/wp\/v2\/users\/1"}],"replies":[{"embeddable":true,"href":"http:\/\/laplumedeloiseaulyre.com\/index.php?rest_route=%2Fwp%2Fv2%2Fcomments&post=6398"}],"version-history":[{"count":1,"href":"http:\/\/laplumedeloiseaulyre.com\/index.php?rest_route=\/wp\/v2\/pages\/6398\/revisions"}],"predecessor-version":[{"id":6399,"href":"http:\/\/laplumedeloiseaulyre.com\/index.php?rest_route=\/wp\/v2\/pages\/6398\/revisions\/6399"}],"wp:attachment":[{"href":"http:\/\/laplumedeloiseaulyre.com\/index.php?rest_route=%2Fwp%2Fv2%2Fmedia&parent=6398"}],"curies":[{"name":"wp","href":"https:\/\/api.w.org\/{rel}","templated":true}]}}