{"id":6363,"date":"2018-02-26T15:16:02","date_gmt":"2018-02-26T15:16:02","guid":{"rendered":"http:\/\/laplumedeloiseaulyre.com\/?page_id=6363"},"modified":"2021-04-29T22:18:48","modified_gmt":"2021-04-29T22:18:48","slug":"barbaree-commune-barbarea-vulgaris","status":"publish","type":"page","link":"http:\/\/laplumedeloiseaulyre.com\/?page_id=6363","title":{"rendered":"BARBAR\u00c9E COMMUNE Barbarea vulgaris"},"content":{"rendered":"<p>Herbe de Sainte-Barbe tu me barbes,<br \/>\nToujours \u00e0 r\u00e9criminer contre moi,<br \/>\nToujours \u00e0 me charpenter de ton sabre,<br \/>\nToujours \u00e0 te plaindre de fausses croix\u00a0!<\/p>\n","protected":false},"excerpt":{"rendered":"<p>Herbe de Sainte-Barbe tu me barbes, Toujours \u00e0 r\u00e9criminer contre moi, Toujours \u00e0 me charpenter de ton sabre, Toujours \u00e0 te plaindre de fausses croix\u00a0!<\/p>\n<p class=\"more-link-p\"><a class=\"more-link\" href=\"http:\/\/laplumedeloiseaulyre.com\/?page_id=6363\">Read more &rarr;<\/a><\/p>\n","protected":false},"author":1,"featured_media":0,"parent":0,"menu_order":0,"comment_status":"closed","ping_status":"closed","template":"","meta":{"spay_email":""},"jetpack_shortlink":"https:\/\/wp.me\/P4lzfC-1ED","_links":{"self":[{"href":"http:\/\/laplumedeloiseaulyre.com\/index.php?rest_route=\/wp\/v2\/pages\/6363"}],"collection":[{"href":"http:\/\/laplumedeloiseaulyre.com\/index.php?rest_route=\/wp\/v2\/pages"}],"about":[{"href":"http:\/\/laplumedeloiseaulyre.com\/index.php?rest_route=\/wp\/v2\/types\/page"}],"author":[{"embeddable":true,"href":"http:\/\/laplumedeloiseaulyre.com\/index.php?rest_route=\/wp\/v2\/users\/1"}],"replies":[{"embeddable":true,"href":"http:\/\/laplumedeloiseaulyre.com\/index.php?rest_route=%2Fwp%2Fv2%2Fcomments&post=6363"}],"version-history":[{"count":2,"href":"http:\/\/laplumedeloiseaulyre.com\/index.php?rest_route=\/wp\/v2\/pages\/6363\/revisions"}],"predecessor-version":[{"id":12025,"href":"http:\/\/laplumedeloiseaulyre.com\/index.php?rest_route=\/wp\/v2\/pages\/6363\/revisions\/12025"}],"wp:attachment":[{"href":"http:\/\/laplumedeloiseaulyre.com\/index.php?rest_route=%2Fwp%2Fv2%2Fmedia&parent=6363"}],"curies":[{"name":"wp","href":"https:\/\/api.w.org\/{rel}","templated":true}]}}