{"id":6353,"date":"2018-02-26T14:53:01","date_gmt":"2018-02-26T14:53:01","guid":{"rendered":"http:\/\/laplumedeloiseaulyre.com\/?page_id=6353"},"modified":"2021-06-26T23:09:29","modified_gmt":"2021-06-26T23:09:29","slug":"bambou-bambuseae","status":"publish","type":"page","link":"http:\/\/laplumedeloiseaulyre.com\/?page_id=6353","title":{"rendered":"BAMBOU Bambusoideae"},"content":{"rendered":"<p>Bambou parle de jonques possibles<br \/>\nEt de pagodes aux tuiles d&rsquo;\u00e9mail,<br \/>\nDe servantes chinoises dociles<br \/>\nCoiff\u00e9es d&rsquo;\u00e9tranges dragons de corail.<\/p>\n<p><span style=\"color: #339966;\"><strong>(English) BAMBOO\u00a0<em>Bambusoideae<\/em><\/strong><\/span><\/p>\n<p><span style=\"color: #339966;\">Bamboo speaks to us of chinese junks,<\/span><br \/>\n<span style=\"color: #339966;\"> Of pagodas topped with enameles tiles,<\/span><br \/>\n<span style=\"color: #339966;\"> Docile chinese servants<\/span><br \/>\n<span style=\"color: #339966;\"> Hair held high by strange coral dragons.<\/span><\/p>\n<p><span style=\"color: #339966;\">\u00a9traduction David Lowe<\/span><\/p>\n","protected":false},"excerpt":{"rendered":"<p>Bambou parle de jonques possibles Et de pagodes aux tuiles d&rsquo;\u00e9mail, De servantes chinoises dociles Coiff\u00e9es d&rsquo;\u00e9tranges dragons de corail. (English) BAMBOO\u00a0Bambusoideae Bamboo speaks to us of chinese junks, Of pagodas topped with enameles tiles, Docile chinese servants Hair held&hellip;<\/p>\n<p class=\"more-link-p\"><a class=\"more-link\" href=\"http:\/\/laplumedeloiseaulyre.com\/?page_id=6353\">Read more &rarr;<\/a><\/p>\n","protected":false},"author":1,"featured_media":0,"parent":0,"menu_order":0,"comment_status":"closed","ping_status":"closed","template":"","meta":{"spay_email":""},"jetpack_shortlink":"https:\/\/wp.me\/P4lzfC-1Et","_links":{"self":[{"href":"http:\/\/laplumedeloiseaulyre.com\/index.php?rest_route=\/wp\/v2\/pages\/6353"}],"collection":[{"href":"http:\/\/laplumedeloiseaulyre.com\/index.php?rest_route=\/wp\/v2\/pages"}],"about":[{"href":"http:\/\/laplumedeloiseaulyre.com\/index.php?rest_route=\/wp\/v2\/types\/page"}],"author":[{"embeddable":true,"href":"http:\/\/laplumedeloiseaulyre.com\/index.php?rest_route=\/wp\/v2\/users\/1"}],"replies":[{"embeddable":true,"href":"http:\/\/laplumedeloiseaulyre.com\/index.php?rest_route=%2Fwp%2Fv2%2Fcomments&post=6353"}],"version-history":[{"count":4,"href":"http:\/\/laplumedeloiseaulyre.com\/index.php?rest_route=\/wp\/v2\/pages\/6353\/revisions"}],"predecessor-version":[{"id":12334,"href":"http:\/\/laplumedeloiseaulyre.com\/index.php?rest_route=\/wp\/v2\/pages\/6353\/revisions\/12334"}],"wp:attachment":[{"href":"http:\/\/laplumedeloiseaulyre.com\/index.php?rest_route=%2Fwp%2Fv2%2Fmedia&parent=6353"}],"curies":[{"name":"wp","href":"https:\/\/api.w.org\/{rel}","templated":true}]}}