{"id":6339,"date":"2018-02-26T14:42:37","date_gmt":"2018-02-26T14:42:37","guid":{"rendered":"http:\/\/laplumedeloiseaulyre.com\/?page_id=6339"},"modified":"2022-01-29T22:51:20","modified_gmt":"2022-01-29T22:51:20","slug":"avoine-folle-avena-fatua","status":"publish","type":"page","link":"http:\/\/laplumedeloiseaulyre.com\/?page_id=6339","title":{"rendered":"AVOINE FOLLE Avena fatua"},"content":{"rendered":"<p>Un aspic mordit d\u2019Herm\u00e8s la sandale preste :<br \/>\nIl perdit son caduc\u00e9e dans l&rsquo;Avoine folle.<br \/>\nLa gramin\u00e9e voleuse en fit sa fusa\u00efole<br \/>\nPr\u00eate \u00e0 filer en prairie son venin agreste.<\/p>\n","protected":false},"excerpt":{"rendered":"<p>Un aspic mordit d\u2019Herm\u00e8s la sandale preste : Il perdit son caduc\u00e9e dans l&rsquo;Avoine folle. La gramin\u00e9e voleuse en fit sa fusa\u00efole Pr\u00eate \u00e0 filer en prairie son venin agreste.<\/p>\n<p class=\"more-link-p\"><a class=\"more-link\" href=\"http:\/\/laplumedeloiseaulyre.com\/?page_id=6339\">Read more &rarr;<\/a><\/p>\n","protected":false},"author":1,"featured_media":0,"parent":0,"menu_order":0,"comment_status":"closed","ping_status":"closed","template":"","meta":{"spay_email":""},"jetpack_shortlink":"https:\/\/wp.me\/P4lzfC-1Ef","_links":{"self":[{"href":"http:\/\/laplumedeloiseaulyre.com\/index.php?rest_route=\/wp\/v2\/pages\/6339"}],"collection":[{"href":"http:\/\/laplumedeloiseaulyre.com\/index.php?rest_route=\/wp\/v2\/pages"}],"about":[{"href":"http:\/\/laplumedeloiseaulyre.com\/index.php?rest_route=\/wp\/v2\/types\/page"}],"author":[{"embeddable":true,"href":"http:\/\/laplumedeloiseaulyre.com\/index.php?rest_route=\/wp\/v2\/users\/1"}],"replies":[{"embeddable":true,"href":"http:\/\/laplumedeloiseaulyre.com\/index.php?rest_route=%2Fwp%2Fv2%2Fcomments&post=6339"}],"version-history":[{"count":2,"href":"http:\/\/laplumedeloiseaulyre.com\/index.php?rest_route=\/wp\/v2\/pages\/6339\/revisions"}],"predecessor-version":[{"id":13475,"href":"http:\/\/laplumedeloiseaulyre.com\/index.php?rest_route=\/wp\/v2\/pages\/6339\/revisions\/13475"}],"wp:attachment":[{"href":"http:\/\/laplumedeloiseaulyre.com\/index.php?rest_route=%2Fwp%2Fv2%2Fmedia&parent=6339"}],"curies":[{"name":"wp","href":"https:\/\/api.w.org\/{rel}","templated":true}]}}