{"id":6332,"date":"2018-02-26T14:38:16","date_gmt":"2018-02-26T14:38:16","guid":{"rendered":"http:\/\/laplumedeloiseaulyre.com\/?page_id=6332"},"modified":"2018-02-26T14:38:16","modified_gmt":"2018-02-26T14:38:16","slug":"aunee-inula-helenium","status":"publish","type":"page","link":"http:\/\/laplumedeloiseaulyre.com\/?page_id=6332","title":{"rendered":"AUN\u00c9E Inula helenium"},"content":{"rendered":"<p>La cloche qui s\u2019\u00e9tait tue r\u00e9sonne \u00e0 nouveau<br \/>\nDans mon c\u0153ur que deux d\u00e9sirs ont chacun pill\u00e9,<br \/>\nLa voil\u00e0 de retour, la bourrasque et ses maux<br \/>\nQui s\u2019ent\u00eatent \u00e0 agiter le battant d\u2019Aun\u00e9e.<\/p>\n","protected":false},"excerpt":{"rendered":"<p>La cloche qui s\u2019\u00e9tait tue r\u00e9sonne \u00e0 nouveau Dans mon c\u0153ur que deux d\u00e9sirs ont chacun pill\u00e9, La voil\u00e0 de retour, la bourrasque et ses maux Qui s\u2019ent\u00eatent \u00e0 agiter le battant d\u2019Aun\u00e9e.<\/p>\n<p class=\"more-link-p\"><a class=\"more-link\" href=\"http:\/\/laplumedeloiseaulyre.com\/?page_id=6332\">Read more &rarr;<\/a><\/p>\n","protected":false},"author":1,"featured_media":0,"parent":0,"menu_order":0,"comment_status":"closed","ping_status":"closed","template":"","meta":{"spay_email":""},"jetpack_shortlink":"https:\/\/wp.me\/P4lzfC-1E8","_links":{"self":[{"href":"http:\/\/laplumedeloiseaulyre.com\/index.php?rest_route=\/wp\/v2\/pages\/6332"}],"collection":[{"href":"http:\/\/laplumedeloiseaulyre.com\/index.php?rest_route=\/wp\/v2\/pages"}],"about":[{"href":"http:\/\/laplumedeloiseaulyre.com\/index.php?rest_route=\/wp\/v2\/types\/page"}],"author":[{"embeddable":true,"href":"http:\/\/laplumedeloiseaulyre.com\/index.php?rest_route=\/wp\/v2\/users\/1"}],"replies":[{"embeddable":true,"href":"http:\/\/laplumedeloiseaulyre.com\/index.php?rest_route=%2Fwp%2Fv2%2Fcomments&post=6332"}],"version-history":[{"count":1,"href":"http:\/\/laplumedeloiseaulyre.com\/index.php?rest_route=\/wp\/v2\/pages\/6332\/revisions"}],"predecessor-version":[{"id":6333,"href":"http:\/\/laplumedeloiseaulyre.com\/index.php?rest_route=\/wp\/v2\/pages\/6332\/revisions\/6333"}],"wp:attachment":[{"href":"http:\/\/laplumedeloiseaulyre.com\/index.php?rest_route=%2Fwp%2Fv2%2Fmedia&parent=6332"}],"curies":[{"name":"wp","href":"https:\/\/api.w.org\/{rel}","templated":true}]}}