{"id":6330,"date":"2018-02-26T14:37:20","date_gmt":"2018-02-26T14:37:20","guid":{"rendered":"http:\/\/laplumedeloiseaulyre.com\/?page_id=6330"},"modified":"2021-06-26T22:45:14","modified_gmt":"2021-06-26T22:45:14","slug":"aulne-alnus-incana","status":"publish","type":"page","link":"http:\/\/laplumedeloiseaulyre.com\/?page_id=6330","title":{"rendered":"AULNE BLANC Alnus incana"},"content":{"rendered":"<p>Souvent je pense \u00e0 vous quand seule je marche<br \/>\nAu bois de Mortefontaine o\u00f9 vous m&rsquo;avez vue<br \/>\nTressant de guirlandes les Aulnes chevelus,<br \/>\nAu temps o\u00f9 mon c\u0153ur ne connaissait la hache.<\/p>\n","protected":false},"excerpt":{"rendered":"<p>Souvent je pense \u00e0 vous quand seule je marche Au bois de Mortefontaine o\u00f9 vous m&rsquo;avez vue Tressant de guirlandes les Aulnes chevelus, Au temps o\u00f9 mon c\u0153ur ne connaissait la hache.<\/p>\n<p class=\"more-link-p\"><a class=\"more-link\" href=\"http:\/\/laplumedeloiseaulyre.com\/?page_id=6330\">Read more &rarr;<\/a><\/p>\n","protected":false},"author":1,"featured_media":0,"parent":0,"menu_order":0,"comment_status":"closed","ping_status":"closed","template":"","meta":{"spay_email":""},"jetpack_shortlink":"https:\/\/wp.me\/P4lzfC-1E6","_links":{"self":[{"href":"http:\/\/laplumedeloiseaulyre.com\/index.php?rest_route=\/wp\/v2\/pages\/6330"}],"collection":[{"href":"http:\/\/laplumedeloiseaulyre.com\/index.php?rest_route=\/wp\/v2\/pages"}],"about":[{"href":"http:\/\/laplumedeloiseaulyre.com\/index.php?rest_route=\/wp\/v2\/types\/page"}],"author":[{"embeddable":true,"href":"http:\/\/laplumedeloiseaulyre.com\/index.php?rest_route=\/wp\/v2\/users\/1"}],"replies":[{"embeddable":true,"href":"http:\/\/laplumedeloiseaulyre.com\/index.php?rest_route=%2Fwp%2Fv2%2Fcomments&post=6330"}],"version-history":[{"count":2,"href":"http:\/\/laplumedeloiseaulyre.com\/index.php?rest_route=\/wp\/v2\/pages\/6330\/revisions"}],"predecessor-version":[{"id":12322,"href":"http:\/\/laplumedeloiseaulyre.com\/index.php?rest_route=\/wp\/v2\/pages\/6330\/revisions\/12322"}],"wp:attachment":[{"href":"http:\/\/laplumedeloiseaulyre.com\/index.php?rest_route=%2Fwp%2Fv2%2Fmedia&parent=6330"}],"curies":[{"name":"wp","href":"https:\/\/api.w.org\/{rel}","templated":true}]}}