{"id":6324,"date":"2018-02-26T14:13:50","date_gmt":"2018-02-26T14:13:50","guid":{"rendered":"http:\/\/laplumedeloiseaulyre.com\/?page_id=6324"},"modified":"2022-01-30T22:33:03","modified_gmt":"2022-01-30T22:33:03","slug":"aubriete-aubrieta","status":"publish","type":"page","link":"http:\/\/laplumedeloiseaulyre.com\/?page_id=6324","title":{"rendered":"AUBRI\u00c8TE\u00a0Aubrieta deltoidea"},"content":{"rendered":"<p>L\u2019Aubri\u00e8te t\u00eatue s\u2019installe et prend ses aises,<br \/>\nRecluse dans son monast\u00e8re elle se farde<br \/>\nComme postulante fl\u00e2neuse qui musarde<br \/>\nEt colonise le clo\u00eetre, \u00e0 Dieu ne plaise\u00a0!<\/p>\n","protected":false},"excerpt":{"rendered":"<p>L\u2019Aubri\u00e8te t\u00eatue s\u2019installe et prend ses aises, Recluse dans son monast\u00e8re elle se farde Comme postulante fl\u00e2neuse qui musarde Et colonise le clo\u00eetre, \u00e0 Dieu ne plaise\u00a0!<\/p>\n<p class=\"more-link-p\"><a class=\"more-link\" href=\"http:\/\/laplumedeloiseaulyre.com\/?page_id=6324\">Read more &rarr;<\/a><\/p>\n","protected":false},"author":1,"featured_media":0,"parent":0,"menu_order":0,"comment_status":"closed","ping_status":"closed","template":"","meta":{"spay_email":""},"jetpack_shortlink":"https:\/\/wp.me\/P4lzfC-1E0","_links":{"self":[{"href":"http:\/\/laplumedeloiseaulyre.com\/index.php?rest_route=\/wp\/v2\/pages\/6324"}],"collection":[{"href":"http:\/\/laplumedeloiseaulyre.com\/index.php?rest_route=\/wp\/v2\/pages"}],"about":[{"href":"http:\/\/laplumedeloiseaulyre.com\/index.php?rest_route=\/wp\/v2\/types\/page"}],"author":[{"embeddable":true,"href":"http:\/\/laplumedeloiseaulyre.com\/index.php?rest_route=\/wp\/v2\/users\/1"}],"replies":[{"embeddable":true,"href":"http:\/\/laplumedeloiseaulyre.com\/index.php?rest_route=%2Fwp%2Fv2%2Fcomments&post=6324"}],"version-history":[{"count":3,"href":"http:\/\/laplumedeloiseaulyre.com\/index.php?rest_route=\/wp\/v2\/pages\/6324\/revisions"}],"predecessor-version":[{"id":13486,"href":"http:\/\/laplumedeloiseaulyre.com\/index.php?rest_route=\/wp\/v2\/pages\/6324\/revisions\/13486"}],"wp:attachment":[{"href":"http:\/\/laplumedeloiseaulyre.com\/index.php?rest_route=%2Fwp%2Fv2%2Fmedia&parent=6324"}],"curies":[{"name":"wp","href":"https:\/\/api.w.org\/{rel}","templated":true}]}}