{"id":6317,"date":"2018-02-26T14:07:54","date_gmt":"2018-02-26T14:07:54","guid":{"rendered":"http:\/\/laplumedeloiseaulyre.com\/?page_id=6317"},"modified":"2018-02-26T14:07:54","modified_gmt":"2018-02-26T14:07:54","slug":"astrantie-astrantia-major","status":"publish","type":"page","link":"http:\/\/laplumedeloiseaulyre.com\/?page_id=6317","title":{"rendered":"ASTRANTIE Astrantia major"},"content":{"rendered":"<p>Jeunes gens, n\u2019attristez pas l\u2019Astrantie !<br \/>\nC\u2019est une th\u00e9orbiste d\u00e9vou\u00e9e,<br \/>\nQui roule ses <em>do r\u00e9 mi <\/em>in\u00e9dits<br \/>\nEn phylact\u00e8res de copiste n\u00e9e.<\/p>\n","protected":false},"excerpt":{"rendered":"<p>Jeunes gens, n\u2019attristez pas l\u2019Astrantie ! C\u2019est une th\u00e9orbiste d\u00e9vou\u00e9e, Qui roule ses do r\u00e9 mi in\u00e9dits En phylact\u00e8res de copiste n\u00e9e.<\/p>\n<p class=\"more-link-p\"><a class=\"more-link\" href=\"http:\/\/laplumedeloiseaulyre.com\/?page_id=6317\">Read more &rarr;<\/a><\/p>\n","protected":false},"author":1,"featured_media":0,"parent":0,"menu_order":0,"comment_status":"closed","ping_status":"closed","template":"","meta":{"spay_email":""},"jetpack_shortlink":"https:\/\/wp.me\/P4lzfC-1DT","_links":{"self":[{"href":"http:\/\/laplumedeloiseaulyre.com\/index.php?rest_route=\/wp\/v2\/pages\/6317"}],"collection":[{"href":"http:\/\/laplumedeloiseaulyre.com\/index.php?rest_route=\/wp\/v2\/pages"}],"about":[{"href":"http:\/\/laplumedeloiseaulyre.com\/index.php?rest_route=\/wp\/v2\/types\/page"}],"author":[{"embeddable":true,"href":"http:\/\/laplumedeloiseaulyre.com\/index.php?rest_route=\/wp\/v2\/users\/1"}],"replies":[{"embeddable":true,"href":"http:\/\/laplumedeloiseaulyre.com\/index.php?rest_route=%2Fwp%2Fv2%2Fcomments&post=6317"}],"version-history":[{"count":1,"href":"http:\/\/laplumedeloiseaulyre.com\/index.php?rest_route=\/wp\/v2\/pages\/6317\/revisions"}],"predecessor-version":[{"id":6318,"href":"http:\/\/laplumedeloiseaulyre.com\/index.php?rest_route=\/wp\/v2\/pages\/6317\/revisions\/6318"}],"wp:attachment":[{"href":"http:\/\/laplumedeloiseaulyre.com\/index.php?rest_route=%2Fwp%2Fv2%2Fmedia&parent=6317"}],"curies":[{"name":"wp","href":"https:\/\/api.w.org\/{rel}","templated":true}]}}