{"id":6307,"date":"2018-02-26T14:00:16","date_gmt":"2018-02-26T14:00:16","guid":{"rendered":"http:\/\/laplumedeloiseaulyre.com\/?page_id=6307"},"modified":"2022-02-25T00:09:28","modified_gmt":"2022-02-25T00:09:28","slug":"asperule-odorante-galium-odoratum","status":"publish","type":"page","link":"http:\/\/laplumedeloiseaulyre.com\/?page_id=6307","title":{"rendered":"ASP\u00c9RULE ODORANTE  Galium odoratum"},"content":{"rendered":"<p>Comme en toutes ses filles-qualit\u00e9s<br \/>\nSe d\u00e9veloppe l&rsquo;Asp\u00e9rule m\u00e8re,<br \/>\nAinsi l&rsquo;\u00e2me en proie \u00e0 l&rsquo;amour aim\u00e9<br \/>\nSe distingue et r\u00e9pandra son myst\u00e8re.<\/p>\n","protected":false},"excerpt":{"rendered":"<p>Comme en toutes ses filles-qualit\u00e9s Se d\u00e9veloppe l&rsquo;Asp\u00e9rule m\u00e8re, Ainsi l&rsquo;\u00e2me en proie \u00e0 l&rsquo;amour aim\u00e9 Se distingue et r\u00e9pandra son myst\u00e8re.<\/p>\n<p class=\"more-link-p\"><a class=\"more-link\" href=\"http:\/\/laplumedeloiseaulyre.com\/?page_id=6307\">Read more &rarr;<\/a><\/p>\n","protected":false},"author":1,"featured_media":0,"parent":0,"menu_order":0,"comment_status":"closed","ping_status":"closed","template":"","meta":{"spay_email":""},"jetpack_shortlink":"https:\/\/wp.me\/P4lzfC-1DJ","_links":{"self":[{"href":"http:\/\/laplumedeloiseaulyre.com\/index.php?rest_route=\/wp\/v2\/pages\/6307"}],"collection":[{"href":"http:\/\/laplumedeloiseaulyre.com\/index.php?rest_route=\/wp\/v2\/pages"}],"about":[{"href":"http:\/\/laplumedeloiseaulyre.com\/index.php?rest_route=\/wp\/v2\/types\/page"}],"author":[{"embeddable":true,"href":"http:\/\/laplumedeloiseaulyre.com\/index.php?rest_route=\/wp\/v2\/users\/1"}],"replies":[{"embeddable":true,"href":"http:\/\/laplumedeloiseaulyre.com\/index.php?rest_route=%2Fwp%2Fv2%2Fcomments&post=6307"}],"version-history":[{"count":2,"href":"http:\/\/laplumedeloiseaulyre.com\/index.php?rest_route=\/wp\/v2\/pages\/6307\/revisions"}],"predecessor-version":[{"id":13646,"href":"http:\/\/laplumedeloiseaulyre.com\/index.php?rest_route=\/wp\/v2\/pages\/6307\/revisions\/13646"}],"wp:attachment":[{"href":"http:\/\/laplumedeloiseaulyre.com\/index.php?rest_route=%2Fwp%2Fv2%2Fmedia&parent=6307"}],"curies":[{"name":"wp","href":"https:\/\/api.w.org\/{rel}","templated":true}]}}