{"id":6301,"date":"2018-02-26T13:56:40","date_gmt":"2018-02-26T13:56:40","guid":{"rendered":"http:\/\/laplumedeloiseaulyre.com\/?page_id=6301"},"modified":"2018-02-26T13:56:40","modified_gmt":"2018-02-26T13:56:40","slug":"asclepiade-asclepias-syriaca","status":"publish","type":"page","link":"http:\/\/laplumedeloiseaulyre.com\/?page_id=6301","title":{"rendered":"ASCL\u00c9PIADE  Asclepias syriaca"},"content":{"rendered":"<p>Grand architecte et templier d\u2019Asie Mineure<br \/>\nL\u2019Ascl\u00e9piade h\u00e9berge et prot\u00e8ge le monarque,<br \/>\nDessinant pour lui des colonnes et des arcs<br \/>\nSous ses cosses r\u00e9gl\u00e9es par compas sans erreur.<\/p>\n","protected":false},"excerpt":{"rendered":"<p>Grand architecte et templier d\u2019Asie Mineure L\u2019Ascl\u00e9piade h\u00e9berge et prot\u00e8ge le monarque, Dessinant pour lui des colonnes et des arcs Sous ses cosses r\u00e9gl\u00e9es par compas sans erreur.<\/p>\n<p class=\"more-link-p\"><a class=\"more-link\" href=\"http:\/\/laplumedeloiseaulyre.com\/?page_id=6301\">Read more &rarr;<\/a><\/p>\n","protected":false},"author":1,"featured_media":0,"parent":0,"menu_order":0,"comment_status":"closed","ping_status":"closed","template":"","meta":{"spay_email":""},"jetpack_shortlink":"https:\/\/wp.me\/P4lzfC-1DD","_links":{"self":[{"href":"http:\/\/laplumedeloiseaulyre.com\/index.php?rest_route=\/wp\/v2\/pages\/6301"}],"collection":[{"href":"http:\/\/laplumedeloiseaulyre.com\/index.php?rest_route=\/wp\/v2\/pages"}],"about":[{"href":"http:\/\/laplumedeloiseaulyre.com\/index.php?rest_route=\/wp\/v2\/types\/page"}],"author":[{"embeddable":true,"href":"http:\/\/laplumedeloiseaulyre.com\/index.php?rest_route=\/wp\/v2\/users\/1"}],"replies":[{"embeddable":true,"href":"http:\/\/laplumedeloiseaulyre.com\/index.php?rest_route=%2Fwp%2Fv2%2Fcomments&post=6301"}],"version-history":[{"count":1,"href":"http:\/\/laplumedeloiseaulyre.com\/index.php?rest_route=\/wp\/v2\/pages\/6301\/revisions"}],"predecessor-version":[{"id":6302,"href":"http:\/\/laplumedeloiseaulyre.com\/index.php?rest_route=\/wp\/v2\/pages\/6301\/revisions\/6302"}],"wp:attachment":[{"href":"http:\/\/laplumedeloiseaulyre.com\/index.php?rest_route=%2Fwp%2Fv2%2Fmedia&parent=6301"}],"curies":[{"name":"wp","href":"https:\/\/api.w.org\/{rel}","templated":true}]}}