{"id":6295,"date":"2018-02-26T13:53:50","date_gmt":"2018-02-26T13:53:50","guid":{"rendered":"http:\/\/laplumedeloiseaulyre.com\/?page_id=6295"},"modified":"2021-06-26T22:32:47","modified_gmt":"2021-06-26T22:32:47","slug":"artichaut-cynara-cardunculus-var-scolymus","status":"publish","type":"page","link":"http:\/\/laplumedeloiseaulyre.com\/?page_id=6295","title":{"rendered":"ARTICHAUT  Cynara scolymus"},"content":{"rendered":"<p>As-tu vu les Artichauts d\u00e9guis\u00e9s,<br \/>\nRiant avec force d\u00e9sinvolture<br \/>\nSur la lagune aux reflets effeuill\u00e9s,<br \/>\nAvant que n\u2019y flottent leurs \u00e9pluchures\u00a0?<\/p>\n","protected":false},"excerpt":{"rendered":"<p>As-tu vu les Artichauts d\u00e9guis\u00e9s, Riant avec force d\u00e9sinvolture Sur la lagune aux reflets effeuill\u00e9s, Avant que n\u2019y flottent leurs \u00e9pluchures\u00a0?<\/p>\n<p class=\"more-link-p\"><a class=\"more-link\" href=\"http:\/\/laplumedeloiseaulyre.com\/?page_id=6295\">Read more &rarr;<\/a><\/p>\n","protected":false},"author":1,"featured_media":0,"parent":0,"menu_order":0,"comment_status":"closed","ping_status":"closed","template":"","meta":{"spay_email":""},"jetpack_shortlink":"https:\/\/wp.me\/P4lzfC-1Dx","_links":{"self":[{"href":"http:\/\/laplumedeloiseaulyre.com\/index.php?rest_route=\/wp\/v2\/pages\/6295"}],"collection":[{"href":"http:\/\/laplumedeloiseaulyre.com\/index.php?rest_route=\/wp\/v2\/pages"}],"about":[{"href":"http:\/\/laplumedeloiseaulyre.com\/index.php?rest_route=\/wp\/v2\/types\/page"}],"author":[{"embeddable":true,"href":"http:\/\/laplumedeloiseaulyre.com\/index.php?rest_route=\/wp\/v2\/users\/1"}],"replies":[{"embeddable":true,"href":"http:\/\/laplumedeloiseaulyre.com\/index.php?rest_route=%2Fwp%2Fv2%2Fcomments&post=6295"}],"version-history":[{"count":2,"href":"http:\/\/laplumedeloiseaulyre.com\/index.php?rest_route=\/wp\/v2\/pages\/6295\/revisions"}],"predecessor-version":[{"id":12320,"href":"http:\/\/laplumedeloiseaulyre.com\/index.php?rest_route=\/wp\/v2\/pages\/6295\/revisions\/12320"}],"wp:attachment":[{"href":"http:\/\/laplumedeloiseaulyre.com\/index.php?rest_route=%2Fwp%2Fv2%2Fmedia&parent=6295"}],"curies":[{"name":"wp","href":"https:\/\/api.w.org\/{rel}","templated":true}]}}