{"id":6288,"date":"2018-02-26T13:45:24","date_gmt":"2018-02-26T13:45:24","guid":{"rendered":"http:\/\/laplumedeloiseaulyre.com\/?page_id=6288"},"modified":"2022-01-29T22:23:51","modified_gmt":"2022-01-29T22:23:51","slug":"arnica-arnica-montana","status":"publish","type":"page","link":"http:\/\/laplumedeloiseaulyre.com\/?page_id=6288","title":{"rendered":"ARNICA\u00a0Arnica montana"},"content":{"rendered":"<p>Et quoi ? Arnica,\u00a0dis-moi ce qui te tourmente ?<br \/>\n\u00c0 quelle ma\u00eetresse as-tu conf\u00e9r\u00e9 ta main ?<br \/>\n\u00c0 quelle fille, \u00e0 quelle femme, \u00e0 quelle amante<br \/>\nAs-tu donn\u00e9 ton Saint-Baume qui \u00e9tait mien ?<\/p>\n","protected":false},"excerpt":{"rendered":"<p>Et quoi ? Arnica,\u00a0dis-moi ce qui te tourmente ? \u00c0 quelle ma\u00eetresse as-tu conf\u00e9r\u00e9 ta main ? \u00c0 quelle fille, \u00e0 quelle femme, \u00e0 quelle amante As-tu donn\u00e9 ton Saint-Baume qui \u00e9tait mien ?<\/p>\n<p class=\"more-link-p\"><a class=\"more-link\" href=\"http:\/\/laplumedeloiseaulyre.com\/?page_id=6288\">Read more &rarr;<\/a><\/p>\n","protected":false},"author":1,"featured_media":0,"parent":0,"menu_order":0,"comment_status":"closed","ping_status":"closed","template":"","meta":{"spay_email":""},"jetpack_shortlink":"https:\/\/wp.me\/P4lzfC-1Dq","_links":{"self":[{"href":"http:\/\/laplumedeloiseaulyre.com\/index.php?rest_route=\/wp\/v2\/pages\/6288"}],"collection":[{"href":"http:\/\/laplumedeloiseaulyre.com\/index.php?rest_route=\/wp\/v2\/pages"}],"about":[{"href":"http:\/\/laplumedeloiseaulyre.com\/index.php?rest_route=\/wp\/v2\/types\/page"}],"author":[{"embeddable":true,"href":"http:\/\/laplumedeloiseaulyre.com\/index.php?rest_route=\/wp\/v2\/users\/1"}],"replies":[{"embeddable":true,"href":"http:\/\/laplumedeloiseaulyre.com\/index.php?rest_route=%2Fwp%2Fv2%2Fcomments&post=6288"}],"version-history":[{"count":4,"href":"http:\/\/laplumedeloiseaulyre.com\/index.php?rest_route=\/wp\/v2\/pages\/6288\/revisions"}],"predecessor-version":[{"id":13472,"href":"http:\/\/laplumedeloiseaulyre.com\/index.php?rest_route=\/wp\/v2\/pages\/6288\/revisions\/13472"}],"wp:attachment":[{"href":"http:\/\/laplumedeloiseaulyre.com\/index.php?rest_route=%2Fwp%2Fv2%2Fmedia&parent=6288"}],"curies":[{"name":"wp","href":"https:\/\/api.w.org\/{rel}","templated":true}]}}