{"id":6281,"date":"2018-02-26T13:40:18","date_gmt":"2018-02-26T13:40:18","guid":{"rendered":"http:\/\/laplumedeloiseaulyre.com\/?page_id=6281"},"modified":"2018-02-26T13:40:18","modified_gmt":"2018-02-26T13:40:18","slug":"aristoloche-aristolochia-clematitis","status":"publish","type":"page","link":"http:\/\/laplumedeloiseaulyre.com\/?page_id=6281","title":{"rendered":"ARISTOLOCHE Aristolochia clematitis"},"content":{"rendered":"<p>Tout a un sens pour P\u00e8re Aristoloche<br \/>\nQui sait relire l&rsquo;\u00e9nigme des villes,<br \/>\nQui devine les min\u00e9raux et roches<br \/>\n\u00c0 force d&rsquo;y r\u00e9ordonner ses vrilles.<\/p>\n","protected":false},"excerpt":{"rendered":"<p>Tout a un sens pour P\u00e8re Aristoloche Qui sait relire l&rsquo;\u00e9nigme des villes, Qui devine les min\u00e9raux et roches \u00c0 force d&rsquo;y r\u00e9ordonner ses vrilles.<\/p>\n<p class=\"more-link-p\"><a class=\"more-link\" href=\"http:\/\/laplumedeloiseaulyre.com\/?page_id=6281\">Read more &rarr;<\/a><\/p>\n","protected":false},"author":1,"featured_media":0,"parent":0,"menu_order":0,"comment_status":"closed","ping_status":"closed","template":"","meta":{"spay_email":""},"jetpack_shortlink":"https:\/\/wp.me\/P4lzfC-1Dj","_links":{"self":[{"href":"http:\/\/laplumedeloiseaulyre.com\/index.php?rest_route=\/wp\/v2\/pages\/6281"}],"collection":[{"href":"http:\/\/laplumedeloiseaulyre.com\/index.php?rest_route=\/wp\/v2\/pages"}],"about":[{"href":"http:\/\/laplumedeloiseaulyre.com\/index.php?rest_route=\/wp\/v2\/types\/page"}],"author":[{"embeddable":true,"href":"http:\/\/laplumedeloiseaulyre.com\/index.php?rest_route=\/wp\/v2\/users\/1"}],"replies":[{"embeddable":true,"href":"http:\/\/laplumedeloiseaulyre.com\/index.php?rest_route=%2Fwp%2Fv2%2Fcomments&post=6281"}],"version-history":[{"count":1,"href":"http:\/\/laplumedeloiseaulyre.com\/index.php?rest_route=\/wp\/v2\/pages\/6281\/revisions"}],"predecessor-version":[{"id":6282,"href":"http:\/\/laplumedeloiseaulyre.com\/index.php?rest_route=\/wp\/v2\/pages\/6281\/revisions\/6282"}],"wp:attachment":[{"href":"http:\/\/laplumedeloiseaulyre.com\/index.php?rest_route=%2Fwp%2Fv2%2Fmedia&parent=6281"}],"curies":[{"name":"wp","href":"https:\/\/api.w.org\/{rel}","templated":true}]}}